{"id":130368,"date":"2025-06-10T11:46:56","date_gmt":"2025-06-10T14:46:56","guid":{"rendered":"https:\/\/www.pimentacultural.com\/?post_type=product&#038;p=130368"},"modified":"2025-07-24T16:21:53","modified_gmt":"2025-07-24T19:21:53","slug":"psicologia-politicas-publicas","status":"publish","type":"product","link":"https:\/\/www.pimentacultural.com\/en\/livro\/psicologia-politicas-publicas\/","title":{"rendered":"Psicologia e pol\u00edticas p\u00fablicas educacionais: criando possibilidades e promovendo experi\u00eancias com a educa\u00e7\u00e3o b\u00e1sica, ensino t\u00e9cnico e superior"},"content":{"rendered":"","protected":false},"excerpt":{"rendered":"","protected":false},"featured_media":130407,"template":"","meta":[],"product_brand":[],"product_cat":[722,716],"product_tag":[],"class_list":{"0":"post-130368","1":"product","2":"type-product","3":"status-publish","4":"has-post-thumbnail","6":"product_cat-psicologia","7":"product_cat-ciencias-humanas","9":"first","10":"instock","11":"shipping-taxable","12":"product-type-simple"},"_links":{"self":[{"href":"https:\/\/www.pimentacultural.com\/en\/wp-json\/wp\/v2\/product\/130368","targetHints":{"allow":["GET"]}}],"collection":[{"href":"https:\/\/www.pimentacultural.com\/en\/wp-json\/wp\/v2\/product"}],"about":[{"href":"https:\/\/www.pimentacultural.com\/en\/wp-json\/wp\/v2\/types\/product"}],"version-history":[{"count":0,"href":"https:\/\/www.pimentacultural.com\/en\/wp-json\/wp\/v2\/product\/130368\/revisions"}],"wp:featuredmedia":[{"embeddable":true,"href":"https:\/\/www.pimentacultural.com\/en\/wp-json\/wp\/v2\/media\/130407"}],"wp:attachment":[{"href":"https:\/\/www.pimentacultural.com\/en\/wp-json\/wp\/v2\/media?parent=130368"}],"wp:term":[{"taxonomy":"product_brand","embeddable":true,"href":"https:\/\/www.pimentacultural.com\/en\/wp-json\/wp\/v2\/product_brand?post=130368"},{"taxonomy":"product_cat","embeddable":true,"href":"https:\/\/www.pimentacultural.com\/en\/wp-json\/wp\/v2\/product_cat?post=130368"},{"taxonomy":"product_tag","embeddable":true,"href":"https:\/\/www.pimentacultural.com\/en\/wp-json\/wp\/v2\/product_tag?post=130368"}],"curies":[{"name":"wp","href":"https:\/\/api.w.org\/{rel}","templated":true}]}}