{"id":130330,"date":"2025-06-04T17:24:15","date_gmt":"2025-06-04T20:24:15","guid":{"rendered":"https:\/\/www.pimentacultural.com\/?post_type=product&#038;p=130330"},"modified":"2025-09-23T10:18:40","modified_gmt":"2025-09-23T13:18:40","slug":"arte-ensinar","status":"publish","type":"product","link":"https:\/\/www.pimentacultural.com\/en\/livro\/arte-ensinar\/","title":{"rendered":"A arte de ensinar na Educa\u00e7\u00e3o Profissional: inova\u00e7\u00e3o e criatividade para potencializar o aprendizado dos estudantes"},"content":{"rendered":"","protected":false},"excerpt":{"rendered":"","protected":false},"featured_media":130326,"template":"","meta":[],"product_brand":[],"product_cat":[716,717],"product_tag":[],"class_list":{"0":"post-130330","1":"product","2":"type-product","3":"status-publish","4":"has-post-thumbnail","6":"product_cat-ciencias-humanas","7":"product_cat-educacao","9":"first","10":"instock","11":"shipping-taxable","12":"product-type-simple"},"_links":{"self":[{"href":"https:\/\/www.pimentacultural.com\/en\/wp-json\/wp\/v2\/product\/130330","targetHints":{"allow":["GET"]}}],"collection":[{"href":"https:\/\/www.pimentacultural.com\/en\/wp-json\/wp\/v2\/product"}],"about":[{"href":"https:\/\/www.pimentacultural.com\/en\/wp-json\/wp\/v2\/types\/product"}],"version-history":[{"count":0,"href":"https:\/\/www.pimentacultural.com\/en\/wp-json\/wp\/v2\/product\/130330\/revisions"}],"wp:featuredmedia":[{"embeddable":true,"href":"https:\/\/www.pimentacultural.com\/en\/wp-json\/wp\/v2\/media\/130326"}],"wp:attachment":[{"href":"https:\/\/www.pimentacultural.com\/en\/wp-json\/wp\/v2\/media?parent=130330"}],"wp:term":[{"taxonomy":"product_brand","embeddable":true,"href":"https:\/\/www.pimentacultural.com\/en\/wp-json\/wp\/v2\/product_brand?post=130330"},{"taxonomy":"product_cat","embeddable":true,"href":"https:\/\/www.pimentacultural.com\/en\/wp-json\/wp\/v2\/product_cat?post=130330"},{"taxonomy":"product_tag","embeddable":true,"href":"https:\/\/www.pimentacultural.com\/en\/wp-json\/wp\/v2\/product_tag?post=130330"}],"curies":[{"name":"wp","href":"https:\/\/api.w.org\/{rel}","templated":true}]}}