{"id":130224,"date":"2025-05-29T16:08:26","date_gmt":"2025-05-29T19:08:26","guid":{"rendered":"https:\/\/www.pimentacultural.com\/?post_type=product&#038;p=130224"},"modified":"2025-08-07T16:44:00","modified_gmt":"2025-08-07T19:44:00","slug":"catalogo-plantas-guia","status":"publish","type":"product","link":"https:\/\/www.pimentacultural.com\/en\/livro\/catalogo-plantas-guia\/","title":{"rendered":"Cat\u00e1logo de Plantas: guia de utiliza\u00e7\u00e3o da ferramenta"},"content":{"rendered":"","protected":false},"excerpt":{"rendered":"","protected":false},"featured_media":130220,"template":"","meta":[],"product_brand":[],"product_cat":[717,730,716],"product_tag":[],"class_list":{"0":"post-130224","1":"product","2":"type-product","3":"status-publish","4":"has-post-thumbnail","6":"product_cat-educacao","7":"product_cat-ciencias-exatas-e-da-terra","8":"product_cat-ciencias-humanas","10":"first","11":"instock","12":"shipping-taxable","13":"product-type-simple"},"_links":{"self":[{"href":"https:\/\/www.pimentacultural.com\/en\/wp-json\/wp\/v2\/product\/130224","targetHints":{"allow":["GET"]}}],"collection":[{"href":"https:\/\/www.pimentacultural.com\/en\/wp-json\/wp\/v2\/product"}],"about":[{"href":"https:\/\/www.pimentacultural.com\/en\/wp-json\/wp\/v2\/types\/product"}],"version-history":[{"count":0,"href":"https:\/\/www.pimentacultural.com\/en\/wp-json\/wp\/v2\/product\/130224\/revisions"}],"wp:featuredmedia":[{"embeddable":true,"href":"https:\/\/www.pimentacultural.com\/en\/wp-json\/wp\/v2\/media\/130220"}],"wp:attachment":[{"href":"https:\/\/www.pimentacultural.com\/en\/wp-json\/wp\/v2\/media?parent=130224"}],"wp:term":[{"taxonomy":"product_brand","embeddable":true,"href":"https:\/\/www.pimentacultural.com\/en\/wp-json\/wp\/v2\/product_brand?post=130224"},{"taxonomy":"product_cat","embeddable":true,"href":"https:\/\/www.pimentacultural.com\/en\/wp-json\/wp\/v2\/product_cat?post=130224"},{"taxonomy":"product_tag","embeddable":true,"href":"https:\/\/www.pimentacultural.com\/en\/wp-json\/wp\/v2\/product_tag?post=130224"}],"curies":[{"name":"wp","href":"https:\/\/api.w.org\/{rel}","templated":true}]}}