{"id":130216,"date":"2025-05-28T16:53:21","date_gmt":"2025-05-28T19:53:21","guid":{"rendered":"https:\/\/www.pimentacultural.com\/?post_type=product&#038;p=130216"},"modified":"2025-08-07T16:47:50","modified_gmt":"2025-08-07T19:47:50","slug":"polifonia-acontecimento","status":"publish","type":"product","link":"https:\/\/www.pimentacultural.com\/en\/livro\/polifonia-acontecimento\/","title":{"rendered":"Polifonia como acontecimento: uma an\u00e1lise bakhtiniana de vozes e consci\u00eancias no pr\u00e9-ensaio de orquestra"},"content":{"rendered":"","protected":false},"excerpt":{"rendered":"","protected":false},"featured_media":130214,"template":"","meta":[],"product_brand":[],"product_cat":[722,719,718],"product_tag":[],"class_list":{"0":"post-130216","1":"product","2":"type-product","3":"status-publish","4":"has-post-thumbnail","6":"product_cat-psicologia","7":"product_cat-linguistica","8":"product_cat-linguistica-letras-artes","10":"first","11":"instock","12":"shipping-taxable","13":"product-type-simple"},"_links":{"self":[{"href":"https:\/\/www.pimentacultural.com\/en\/wp-json\/wp\/v2\/product\/130216","targetHints":{"allow":["GET"]}}],"collection":[{"href":"https:\/\/www.pimentacultural.com\/en\/wp-json\/wp\/v2\/product"}],"about":[{"href":"https:\/\/www.pimentacultural.com\/en\/wp-json\/wp\/v2\/types\/product"}],"version-history":[{"count":0,"href":"https:\/\/www.pimentacultural.com\/en\/wp-json\/wp\/v2\/product\/130216\/revisions"}],"wp:featuredmedia":[{"embeddable":true,"href":"https:\/\/www.pimentacultural.com\/en\/wp-json\/wp\/v2\/media\/130214"}],"wp:attachment":[{"href":"https:\/\/www.pimentacultural.com\/en\/wp-json\/wp\/v2\/media?parent=130216"}],"wp:term":[{"taxonomy":"product_brand","embeddable":true,"href":"https:\/\/www.pimentacultural.com\/en\/wp-json\/wp\/v2\/product_brand?post=130216"},{"taxonomy":"product_cat","embeddable":true,"href":"https:\/\/www.pimentacultural.com\/en\/wp-json\/wp\/v2\/product_cat?post=130216"},{"taxonomy":"product_tag","embeddable":true,"href":"https:\/\/www.pimentacultural.com\/en\/wp-json\/wp\/v2\/product_tag?post=130216"}],"curies":[{"name":"wp","href":"https:\/\/api.w.org\/{rel}","templated":true}]}}