{"id":130210,"date":"2025-05-28T16:41:14","date_gmt":"2025-05-28T19:41:14","guid":{"rendered":"https:\/\/www.pimentacultural.com\/?post_type=product&#038;p=130210"},"modified":"2025-08-07T16:51:36","modified_gmt":"2025-08-07T19:51:36","slug":"subjetividade-trabalho","status":"publish","type":"product","link":"https:\/\/www.pimentacultural.com\/en\/livro\/subjetividade-trabalho\/","title":{"rendered":"Subjetividade, trabalho e sa\u00fade: aproxima\u00e7\u00f5es entre pr\u00e1ticas e saberes nos contextos amaz\u00f4nico e latino-americano"},"content":{"rendered":"","protected":false},"excerpt":{"rendered":"","protected":false},"featured_media":130208,"template":"","meta":[],"product_brand":[],"product_cat":[716,722],"product_tag":[],"class_list":{"0":"post-130210","1":"product","2":"type-product","3":"status-publish","4":"has-post-thumbnail","6":"product_cat-ciencias-humanas","7":"product_cat-psicologia","9":"first","10":"instock","11":"shipping-taxable","12":"product-type-simple"},"_links":{"self":[{"href":"https:\/\/www.pimentacultural.com\/en\/wp-json\/wp\/v2\/product\/130210","targetHints":{"allow":["GET"]}}],"collection":[{"href":"https:\/\/www.pimentacultural.com\/en\/wp-json\/wp\/v2\/product"}],"about":[{"href":"https:\/\/www.pimentacultural.com\/en\/wp-json\/wp\/v2\/types\/product"}],"version-history":[{"count":0,"href":"https:\/\/www.pimentacultural.com\/en\/wp-json\/wp\/v2\/product\/130210\/revisions"}],"wp:featuredmedia":[{"embeddable":true,"href":"https:\/\/www.pimentacultural.com\/en\/wp-json\/wp\/v2\/media\/130208"}],"wp:attachment":[{"href":"https:\/\/www.pimentacultural.com\/en\/wp-json\/wp\/v2\/media?parent=130210"}],"wp:term":[{"taxonomy":"product_brand","embeddable":true,"href":"https:\/\/www.pimentacultural.com\/en\/wp-json\/wp\/v2\/product_brand?post=130210"},{"taxonomy":"product_cat","embeddable":true,"href":"https:\/\/www.pimentacultural.com\/en\/wp-json\/wp\/v2\/product_cat?post=130210"},{"taxonomy":"product_tag","embeddable":true,"href":"https:\/\/www.pimentacultural.com\/en\/wp-json\/wp\/v2\/product_tag?post=130210"}],"curies":[{"name":"wp","href":"https:\/\/api.w.org\/{rel}","templated":true}]}}