{"id":130141,"date":"2025-05-27T17:15:12","date_gmt":"2025-05-27T20:15:12","guid":{"rendered":"https:\/\/www.pimentacultural.com\/?post_type=product&#038;p=130141"},"modified":"2025-08-07T17:00:17","modified_gmt":"2025-08-07T20:00:17","slug":"representacoes-resistencias","status":"publish","type":"product","link":"https:\/\/www.pimentacultural.com\/en\/livro\/representacoes-resistencias\/","title":{"rendered":"Representa\u00e7\u00f5es e resist\u00eancias das mulheres negras no discurso liter\u00e1rio"},"content":{"rendered":"","protected":false},"excerpt":{"rendered":"","protected":false},"featured_media":130131,"template":"","meta":[],"product_brand":[],"product_cat":[719,718],"product_tag":[],"class_list":{"0":"post-130141","1":"product","2":"type-product","3":"status-publish","4":"has-post-thumbnail","6":"product_cat-linguistica","7":"product_cat-linguistica-letras-artes","9":"first","10":"instock","11":"shipping-taxable","12":"product-type-simple"},"_links":{"self":[{"href":"https:\/\/www.pimentacultural.com\/en\/wp-json\/wp\/v2\/product\/130141","targetHints":{"allow":["GET"]}}],"collection":[{"href":"https:\/\/www.pimentacultural.com\/en\/wp-json\/wp\/v2\/product"}],"about":[{"href":"https:\/\/www.pimentacultural.com\/en\/wp-json\/wp\/v2\/types\/product"}],"version-history":[{"count":0,"href":"https:\/\/www.pimentacultural.com\/en\/wp-json\/wp\/v2\/product\/130141\/revisions"}],"wp:featuredmedia":[{"embeddable":true,"href":"https:\/\/www.pimentacultural.com\/en\/wp-json\/wp\/v2\/media\/130131"}],"wp:attachment":[{"href":"https:\/\/www.pimentacultural.com\/en\/wp-json\/wp\/v2\/media?parent=130141"}],"wp:term":[{"taxonomy":"product_brand","embeddable":true,"href":"https:\/\/www.pimentacultural.com\/en\/wp-json\/wp\/v2\/product_brand?post=130141"},{"taxonomy":"product_cat","embeddable":true,"href":"https:\/\/www.pimentacultural.com\/en\/wp-json\/wp\/v2\/product_cat?post=130141"},{"taxonomy":"product_tag","embeddable":true,"href":"https:\/\/www.pimentacultural.com\/en\/wp-json\/wp\/v2\/product_tag?post=130141"}],"curies":[{"name":"wp","href":"https:\/\/api.w.org\/{rel}","templated":true}]}}