{"id":130119,"date":"2025-05-23T18:42:17","date_gmt":"2025-05-23T21:42:17","guid":{"rendered":"https:\/\/www.pimentacultural.com\/?post_type=product&#038;p=130119"},"modified":"2025-08-07T17:09:10","modified_gmt":"2025-08-07T20:09:10","slug":"campus-virtual-professores","status":"publish","type":"product","link":"https:\/\/www.pimentacultural.com\/en\/livro\/campus-virtual-professores\/","title":{"rendered":"Campus Virtual (Moodle): No\u00e7\u00f5es B\u00e1sicas para Professores &#8211; 2025"},"content":{"rendered":"","protected":false},"excerpt":{"rendered":"","protected":false},"featured_media":130114,"template":"","meta":[],"product_brand":[],"product_cat":[730,742],"product_tag":[],"class_list":{"0":"post-130119","1":"product","2":"type-product","3":"status-publish","4":"has-post-thumbnail","6":"product_cat-ciencias-exatas-e-da-terra","7":"product_cat-ciencia-da-computacao","9":"first","10":"instock","11":"shipping-taxable","12":"product-type-simple"},"_links":{"self":[{"href":"https:\/\/www.pimentacultural.com\/en\/wp-json\/wp\/v2\/product\/130119","targetHints":{"allow":["GET"]}}],"collection":[{"href":"https:\/\/www.pimentacultural.com\/en\/wp-json\/wp\/v2\/product"}],"about":[{"href":"https:\/\/www.pimentacultural.com\/en\/wp-json\/wp\/v2\/types\/product"}],"version-history":[{"count":0,"href":"https:\/\/www.pimentacultural.com\/en\/wp-json\/wp\/v2\/product\/130119\/revisions"}],"wp:featuredmedia":[{"embeddable":true,"href":"https:\/\/www.pimentacultural.com\/en\/wp-json\/wp\/v2\/media\/130114"}],"wp:attachment":[{"href":"https:\/\/www.pimentacultural.com\/en\/wp-json\/wp\/v2\/media?parent=130119"}],"wp:term":[{"taxonomy":"product_brand","embeddable":true,"href":"https:\/\/www.pimentacultural.com\/en\/wp-json\/wp\/v2\/product_brand?post=130119"},{"taxonomy":"product_cat","embeddable":true,"href":"https:\/\/www.pimentacultural.com\/en\/wp-json\/wp\/v2\/product_cat?post=130119"},{"taxonomy":"product_tag","embeddable":true,"href":"https:\/\/www.pimentacultural.com\/en\/wp-json\/wp\/v2\/product_tag?post=130119"}],"curies":[{"name":"wp","href":"https:\/\/api.w.org\/{rel}","templated":true}]}}