{"id":130103,"date":"2025-05-23T18:14:57","date_gmt":"2025-05-23T21:14:57","guid":{"rendered":"https:\/\/www.pimentacultural.com\/?post_type=product&#038;p=130103"},"modified":"2025-08-13T16:33:06","modified_gmt":"2025-08-13T19:33:06","slug":"direitos-humanos-pauta","status":"publish","type":"product","link":"https:\/\/www.pimentacultural.com\/en\/livro\/direitos-humanos-pauta\/","title":{"rendered":"Direitos Humanos em pauta: quest\u00f5es contempor\u00e2neas e interdisciplinares sobre o direito \u00e0 comunica\u00e7\u00e3o e sustentabilidade"},"content":{"rendered":"","protected":false},"excerpt":{"rendered":"","protected":false},"featured_media":130108,"template":"","meta":[],"product_brand":[],"product_cat":[714,736],"product_tag":[],"class_list":{"0":"post-130103","1":"product","2":"type-product","3":"status-publish","4":"has-post-thumbnail","6":"product_cat-ciencias-sociais-aplicadas","7":"product_cat-direito","9":"first","10":"instock","11":"shipping-taxable","12":"product-type-simple"},"_links":{"self":[{"href":"https:\/\/www.pimentacultural.com\/en\/wp-json\/wp\/v2\/product\/130103","targetHints":{"allow":["GET"]}}],"collection":[{"href":"https:\/\/www.pimentacultural.com\/en\/wp-json\/wp\/v2\/product"}],"about":[{"href":"https:\/\/www.pimentacultural.com\/en\/wp-json\/wp\/v2\/types\/product"}],"version-history":[{"count":0,"href":"https:\/\/www.pimentacultural.com\/en\/wp-json\/wp\/v2\/product\/130103\/revisions"}],"wp:featuredmedia":[{"embeddable":true,"href":"https:\/\/www.pimentacultural.com\/en\/wp-json\/wp\/v2\/media\/130108"}],"wp:attachment":[{"href":"https:\/\/www.pimentacultural.com\/en\/wp-json\/wp\/v2\/media?parent=130103"}],"wp:term":[{"taxonomy":"product_brand","embeddable":true,"href":"https:\/\/www.pimentacultural.com\/en\/wp-json\/wp\/v2\/product_brand?post=130103"},{"taxonomy":"product_cat","embeddable":true,"href":"https:\/\/www.pimentacultural.com\/en\/wp-json\/wp\/v2\/product_cat?post=130103"},{"taxonomy":"product_tag","embeddable":true,"href":"https:\/\/www.pimentacultural.com\/en\/wp-json\/wp\/v2\/product_tag?post=130103"}],"curies":[{"name":"wp","href":"https:\/\/api.w.org\/{rel}","templated":true}]}}