{"id":129924,"date":"2025-05-12T17:02:12","date_gmt":"2025-05-12T20:02:12","guid":{"rendered":"https:\/\/www.pimentacultural.com\/?post_type=product&#038;p=129924"},"modified":"2025-08-13T16:30:50","modified_gmt":"2025-08-13T19:30:50","slug":"dialogos-contemporaneos","status":"publish","type":"product","link":"https:\/\/www.pimentacultural.com\/en\/livro\/dialogos-contemporaneos\/","title":{"rendered":"Di\u00e1logos Contempor\u00e2neos em Administra\u00e7\u00e3o: descobertas e reflex\u00f5es de pesquisas acad\u00eamicas"},"content":{"rendered":"","protected":false},"excerpt":{"rendered":"","protected":false},"featured_media":129929,"template":"","meta":[],"product_brand":[],"product_cat":[768,723,714,769],"product_tag":[],"class_list":{"0":"post-129924","1":"product","2":"type-product","3":"status-publish","4":"has-post-thumbnail","6":"product_cat-letras-e-artes","7":"product_cat-administracao","8":"product_cat-ciencias-sociais-aplicadas","9":"product_cat-linguistica-letras-e-artes","11":"first","12":"instock","13":"shipping-taxable","14":"product-type-simple"},"_links":{"self":[{"href":"https:\/\/www.pimentacultural.com\/en\/wp-json\/wp\/v2\/product\/129924","targetHints":{"allow":["GET"]}}],"collection":[{"href":"https:\/\/www.pimentacultural.com\/en\/wp-json\/wp\/v2\/product"}],"about":[{"href":"https:\/\/www.pimentacultural.com\/en\/wp-json\/wp\/v2\/types\/product"}],"version-history":[{"count":0,"href":"https:\/\/www.pimentacultural.com\/en\/wp-json\/wp\/v2\/product\/129924\/revisions"}],"wp:featuredmedia":[{"embeddable":true,"href":"https:\/\/www.pimentacultural.com\/en\/wp-json\/wp\/v2\/media\/129929"}],"wp:attachment":[{"href":"https:\/\/www.pimentacultural.com\/en\/wp-json\/wp\/v2\/media?parent=129924"}],"wp:term":[{"taxonomy":"product_brand","embeddable":true,"href":"https:\/\/www.pimentacultural.com\/en\/wp-json\/wp\/v2\/product_brand?post=129924"},{"taxonomy":"product_cat","embeddable":true,"href":"https:\/\/www.pimentacultural.com\/en\/wp-json\/wp\/v2\/product_cat?post=129924"},{"taxonomy":"product_tag","embeddable":true,"href":"https:\/\/www.pimentacultural.com\/en\/wp-json\/wp\/v2\/product_tag?post=129924"}],"curies":[{"name":"wp","href":"https:\/\/api.w.org\/{rel}","templated":true}]}}