{"id":129892,"date":"2025-05-08T17:04:07","date_gmt":"2025-05-08T20:04:07","guid":{"rendered":"https:\/\/www.pimentacultural.com\/?post_type=product&#038;p=129892"},"modified":"2026-01-21T13:45:55","modified_gmt":"2026-01-21T16:45:55","slug":"ciencias-exatas-terra-v-1","status":"publish","type":"product","link":"https:\/\/www.pimentacultural.com\/en\/livro\/ciencias-exatas-terra-v-1\/","title":{"rendered":"Abordagens te\u00f3ricas e pr\u00e1ticas em pesquisa. Cole\u00e7\u00e3o Ci\u00eancias Exatas e da Terra. V.1"},"content":{"rendered":"","protected":false},"excerpt":{"rendered":"","protected":false},"featured_media":129907,"template":"","meta":[],"product_brand":[],"product_cat":[716],"product_tag":[],"class_list":{"0":"post-129892","1":"product","2":"type-product","3":"status-publish","4":"has-post-thumbnail","6":"product_cat-ciencias-humanas","8":"first","9":"instock","10":"shipping-taxable","11":"product-type-simple"},"_links":{"self":[{"href":"https:\/\/www.pimentacultural.com\/en\/wp-json\/wp\/v2\/product\/129892","targetHints":{"allow":["GET"]}}],"collection":[{"href":"https:\/\/www.pimentacultural.com\/en\/wp-json\/wp\/v2\/product"}],"about":[{"href":"https:\/\/www.pimentacultural.com\/en\/wp-json\/wp\/v2\/types\/product"}],"version-history":[{"count":0,"href":"https:\/\/www.pimentacultural.com\/en\/wp-json\/wp\/v2\/product\/129892\/revisions"}],"wp:featuredmedia":[{"embeddable":true,"href":"https:\/\/www.pimentacultural.com\/en\/wp-json\/wp\/v2\/media\/129907"}],"wp:attachment":[{"href":"https:\/\/www.pimentacultural.com\/en\/wp-json\/wp\/v2\/media?parent=129892"}],"wp:term":[{"taxonomy":"product_brand","embeddable":true,"href":"https:\/\/www.pimentacultural.com\/en\/wp-json\/wp\/v2\/product_brand?post=129892"},{"taxonomy":"product_cat","embeddable":true,"href":"https:\/\/www.pimentacultural.com\/en\/wp-json\/wp\/v2\/product_cat?post=129892"},{"taxonomy":"product_tag","embeddable":true,"href":"https:\/\/www.pimentacultural.com\/en\/wp-json\/wp\/v2\/product_tag?post=129892"}],"curies":[{"name":"wp","href":"https:\/\/api.w.org\/{rel}","templated":true}]}}