{"id":129779,"date":"2025-04-30T15:25:16","date_gmt":"2025-04-30T18:25:16","guid":{"rendered":"https:\/\/www.pimentacultural.com\/?post_type=product&#038;p=129779"},"modified":"2025-11-05T15:42:49","modified_gmt":"2025-11-05T18:42:49","slug":"linguistica-letras-artes-v1","status":"publish","type":"product","link":"https:\/\/www.pimentacultural.com\/en\/livro\/linguistica-letras-artes-v1\/","title":{"rendered":"Abordagens te\u00f3ricas e pr\u00e1ticas em pesquisa. Cole\u00e7\u00e3o Lingu\u00edstica, Letras e Artes. V.1"},"content":{"rendered":"","protected":false},"excerpt":{"rendered":"","protected":false},"featured_media":129791,"template":"","meta":[],"product_brand":[],"product_cat":[768,771],"product_tag":[],"class_list":{"0":"post-129779","1":"product","2":"type-product","3":"status-publish","4":"has-post-thumbnail","6":"product_cat-letras-e-artes","7":"product_cat-letras-letras-e-artes","9":"first","10":"instock","11":"shipping-taxable","12":"product-type-simple"},"_links":{"self":[{"href":"https:\/\/www.pimentacultural.com\/en\/wp-json\/wp\/v2\/product\/129779","targetHints":{"allow":["GET"]}}],"collection":[{"href":"https:\/\/www.pimentacultural.com\/en\/wp-json\/wp\/v2\/product"}],"about":[{"href":"https:\/\/www.pimentacultural.com\/en\/wp-json\/wp\/v2\/types\/product"}],"version-history":[{"count":0,"href":"https:\/\/www.pimentacultural.com\/en\/wp-json\/wp\/v2\/product\/129779\/revisions"}],"wp:featuredmedia":[{"embeddable":true,"href":"https:\/\/www.pimentacultural.com\/en\/wp-json\/wp\/v2\/media\/129791"}],"wp:attachment":[{"href":"https:\/\/www.pimentacultural.com\/en\/wp-json\/wp\/v2\/media?parent=129779"}],"wp:term":[{"taxonomy":"product_brand","embeddable":true,"href":"https:\/\/www.pimentacultural.com\/en\/wp-json\/wp\/v2\/product_brand?post=129779"},{"taxonomy":"product_cat","embeddable":true,"href":"https:\/\/www.pimentacultural.com\/en\/wp-json\/wp\/v2\/product_cat?post=129779"},{"taxonomy":"product_tag","embeddable":true,"href":"https:\/\/www.pimentacultural.com\/en\/wp-json\/wp\/v2\/product_tag?post=129779"}],"curies":[{"name":"wp","href":"https:\/\/api.w.org\/{rel}","templated":true}]}}