{"id":129771,"date":"2025-04-30T12:49:18","date_gmt":"2025-04-30T15:49:18","guid":{"rendered":"https:\/\/www.pimentacultural.com\/?post_type=product&#038;p=129771"},"modified":"2025-08-13T16:36:07","modified_gmt":"2025-08-13T19:36:07","slug":"formacao-tradutores-interpretes","status":"publish","type":"product","link":"https:\/\/www.pimentacultural.com\/en\/livro\/formacao-tradutores-interpretes\/","title":{"rendered":"Forma\u00e7\u00e3o de Tradutores e Int\u00e9rpretes de Libras-Portugu\u00eas na Educa\u00e7\u00e3o B\u00e1sica"},"content":{"rendered":"","protected":false},"excerpt":{"rendered":"","protected":false},"featured_media":129769,"template":"","meta":[],"product_brand":[],"product_cat":[768,769],"product_tag":[],"class_list":{"0":"post-129771","1":"product","2":"type-product","3":"status-publish","4":"has-post-thumbnail","6":"product_cat-letras-e-artes","7":"product_cat-linguistica-letras-e-artes","9":"first","10":"instock","11":"shipping-taxable","12":"product-type-simple"},"_links":{"self":[{"href":"https:\/\/www.pimentacultural.com\/en\/wp-json\/wp\/v2\/product\/129771","targetHints":{"allow":["GET"]}}],"collection":[{"href":"https:\/\/www.pimentacultural.com\/en\/wp-json\/wp\/v2\/product"}],"about":[{"href":"https:\/\/www.pimentacultural.com\/en\/wp-json\/wp\/v2\/types\/product"}],"version-history":[{"count":0,"href":"https:\/\/www.pimentacultural.com\/en\/wp-json\/wp\/v2\/product\/129771\/revisions"}],"wp:featuredmedia":[{"embeddable":true,"href":"https:\/\/www.pimentacultural.com\/en\/wp-json\/wp\/v2\/media\/129769"}],"wp:attachment":[{"href":"https:\/\/www.pimentacultural.com\/en\/wp-json\/wp\/v2\/media?parent=129771"}],"wp:term":[{"taxonomy":"product_brand","embeddable":true,"href":"https:\/\/www.pimentacultural.com\/en\/wp-json\/wp\/v2\/product_brand?post=129771"},{"taxonomy":"product_cat","embeddable":true,"href":"https:\/\/www.pimentacultural.com\/en\/wp-json\/wp\/v2\/product_cat?post=129771"},{"taxonomy":"product_tag","embeddable":true,"href":"https:\/\/www.pimentacultural.com\/en\/wp-json\/wp\/v2\/product_tag?post=129771"}],"curies":[{"name":"wp","href":"https:\/\/api.w.org\/{rel}","templated":true}]}}