{"id":129727,"date":"2025-04-25T11:22:13","date_gmt":"2025-04-25T14:22:13","guid":{"rendered":"https:\/\/www.pimentacultural.com\/?post_type=product&#038;p=129727"},"modified":"2025-08-13T16:47:01","modified_gmt":"2025-08-13T19:47:01","slug":"gestao-publica-11","status":"publish","type":"product","link":"https:\/\/www.pimentacultural.com\/en\/livro\/gestao-publica-11\/","title":{"rendered":"Gest\u00e3o P\u00fablica: a vis\u00e3o dos t\u00e9cnicos-administrativos em Educa\u00e7\u00e3o das Universidades P\u00fablicas e Institutos Federais \u2013 GPTAE"},"content":{"rendered":"","protected":false},"excerpt":{"rendered":"","protected":false},"featured_media":129705,"template":"","meta":[],"product_brand":[],"product_cat":[714,723],"product_tag":[],"class_list":{"0":"post-129727","1":"product","2":"type-product","3":"status-publish","4":"has-post-thumbnail","6":"product_cat-ciencias-sociais-aplicadas","7":"product_cat-administracao","9":"first","10":"instock","11":"shipping-taxable","12":"product-type-simple"},"_links":{"self":[{"href":"https:\/\/www.pimentacultural.com\/en\/wp-json\/wp\/v2\/product\/129727","targetHints":{"allow":["GET"]}}],"collection":[{"href":"https:\/\/www.pimentacultural.com\/en\/wp-json\/wp\/v2\/product"}],"about":[{"href":"https:\/\/www.pimentacultural.com\/en\/wp-json\/wp\/v2\/types\/product"}],"version-history":[{"count":0,"href":"https:\/\/www.pimentacultural.com\/en\/wp-json\/wp\/v2\/product\/129727\/revisions"}],"wp:featuredmedia":[{"embeddable":true,"href":"https:\/\/www.pimentacultural.com\/en\/wp-json\/wp\/v2\/media\/129705"}],"wp:attachment":[{"href":"https:\/\/www.pimentacultural.com\/en\/wp-json\/wp\/v2\/media?parent=129727"}],"wp:term":[{"taxonomy":"product_brand","embeddable":true,"href":"https:\/\/www.pimentacultural.com\/en\/wp-json\/wp\/v2\/product_brand?post=129727"},{"taxonomy":"product_cat","embeddable":true,"href":"https:\/\/www.pimentacultural.com\/en\/wp-json\/wp\/v2\/product_cat?post=129727"},{"taxonomy":"product_tag","embeddable":true,"href":"https:\/\/www.pimentacultural.com\/en\/wp-json\/wp\/v2\/product_tag?post=129727"}],"curies":[{"name":"wp","href":"https:\/\/api.w.org\/{rel}","templated":true}]}}