{"id":129223,"date":"2025-04-04T09:38:54","date_gmt":"2025-04-04T12:38:54","guid":{"rendered":"https:\/\/www.pimentacultural.com\/?post_type=product&#038;p=129223"},"modified":"2025-04-04T09:38:55","modified_gmt":"2025-04-04T12:38:55","slug":"pensamento-computacional","status":"publish","type":"product","link":"https:\/\/www.pimentacultural.com\/en\/livro\/pensamento-computacional\/","title":{"rendered":"Pensamento Computacional na Educa\u00e7\u00e3o Infantil: guia para auxiliar professores no planejamento e realiza\u00e7\u00e3o de atividades com Pensamento Computacional"},"content":{"rendered":"","protected":false},"excerpt":{"rendered":"","protected":false},"featured_media":129215,"template":"","meta":[],"product_brand":[],"product_cat":[717],"product_tag":[],"class_list":{"0":"post-129223","1":"product","2":"type-product","3":"status-publish","4":"has-post-thumbnail","6":"product_cat-educacao","8":"first","9":"instock","10":"shipping-taxable","11":"product-type-simple"},"_links":{"self":[{"href":"https:\/\/www.pimentacultural.com\/en\/wp-json\/wp\/v2\/product\/129223","targetHints":{"allow":["GET"]}}],"collection":[{"href":"https:\/\/www.pimentacultural.com\/en\/wp-json\/wp\/v2\/product"}],"about":[{"href":"https:\/\/www.pimentacultural.com\/en\/wp-json\/wp\/v2\/types\/product"}],"version-history":[{"count":0,"href":"https:\/\/www.pimentacultural.com\/en\/wp-json\/wp\/v2\/product\/129223\/revisions"}],"wp:featuredmedia":[{"embeddable":true,"href":"https:\/\/www.pimentacultural.com\/en\/wp-json\/wp\/v2\/media\/129215"}],"wp:attachment":[{"href":"https:\/\/www.pimentacultural.com\/en\/wp-json\/wp\/v2\/media?parent=129223"}],"wp:term":[{"taxonomy":"product_brand","embeddable":true,"href":"https:\/\/www.pimentacultural.com\/en\/wp-json\/wp\/v2\/product_brand?post=129223"},{"taxonomy":"product_cat","embeddable":true,"href":"https:\/\/www.pimentacultural.com\/en\/wp-json\/wp\/v2\/product_cat?post=129223"},{"taxonomy":"product_tag","embeddable":true,"href":"https:\/\/www.pimentacultural.com\/en\/wp-json\/wp\/v2\/product_tag?post=129223"}],"curies":[{"name":"wp","href":"https:\/\/api.w.org\/{rel}","templated":true}]}}