{"id":128922,"date":"2025-03-31T09:30:07","date_gmt":"2025-03-31T12:30:07","guid":{"rendered":"https:\/\/www.pimentacultural.com\/?post_type=product&#038;p=128922"},"modified":"2025-08-08T12:22:41","modified_gmt":"2025-08-08T15:22:41","slug":"entre-saude-educacao","status":"publish","type":"product","link":"https:\/\/www.pimentacultural.com\/en\/livro\/entre-saude-educacao\/","title":{"rendered":"Entre a Sa\u00fade e a Educa\u00e7\u00e3o: o caso do servi\u00e7o de Psicologia Escolar da Prefeitura de S\u00e3o Paulo (1975 -1989)"},"content":{"rendered":"","protected":false},"excerpt":{"rendered":"","protected":false},"featured_media":128906,"template":"","meta":[],"product_brand":[],"product_cat":[722],"product_tag":[],"class_list":{"0":"post-128922","1":"product","2":"type-product","3":"status-publish","4":"has-post-thumbnail","6":"product_cat-psicologia","8":"first","9":"instock","10":"shipping-taxable","11":"product-type-simple"},"_links":{"self":[{"href":"https:\/\/www.pimentacultural.com\/en\/wp-json\/wp\/v2\/product\/128922","targetHints":{"allow":["GET"]}}],"collection":[{"href":"https:\/\/www.pimentacultural.com\/en\/wp-json\/wp\/v2\/product"}],"about":[{"href":"https:\/\/www.pimentacultural.com\/en\/wp-json\/wp\/v2\/types\/product"}],"version-history":[{"count":0,"href":"https:\/\/www.pimentacultural.com\/en\/wp-json\/wp\/v2\/product\/128922\/revisions"}],"wp:featuredmedia":[{"embeddable":true,"href":"https:\/\/www.pimentacultural.com\/en\/wp-json\/wp\/v2\/media\/128906"}],"wp:attachment":[{"href":"https:\/\/www.pimentacultural.com\/en\/wp-json\/wp\/v2\/media?parent=128922"}],"wp:term":[{"taxonomy":"product_brand","embeddable":true,"href":"https:\/\/www.pimentacultural.com\/en\/wp-json\/wp\/v2\/product_brand?post=128922"},{"taxonomy":"product_cat","embeddable":true,"href":"https:\/\/www.pimentacultural.com\/en\/wp-json\/wp\/v2\/product_cat?post=128922"},{"taxonomy":"product_tag","embeddable":true,"href":"https:\/\/www.pimentacultural.com\/en\/wp-json\/wp\/v2\/product_tag?post=128922"}],"curies":[{"name":"wp","href":"https:\/\/api.w.org\/{rel}","templated":true}]}}