{"id":128873,"date":"2025-03-25T11:49:51","date_gmt":"2025-03-25T14:49:51","guid":{"rendered":"https:\/\/www.pimentacultural.com\/?post_type=product&#038;p=128873"},"modified":"2025-03-25T11:49:56","modified_gmt":"2025-03-25T14:49:56","slug":"revisao-sistematica-literatura","status":"publish","type":"product","link":"https:\/\/www.pimentacultural.com\/en\/livro\/revisao-sistematica-literatura\/","title":{"rendered":"Revis\u00e3o Sistem\u00e1tica de Literatura: Educa\u00e7\u00e3o Matem\u00e1tica em diferentes vozes e m\u00faltiplos olhares"},"content":{"rendered":"","protected":false},"excerpt":{"rendered":"","protected":false},"featured_media":128861,"template":"","meta":[],"product_brand":[],"product_cat":[717],"product_tag":[],"class_list":{"0":"post-128873","1":"product","2":"type-product","3":"status-publish","4":"has-post-thumbnail","6":"product_cat-educacao","8":"first","9":"instock","10":"shipping-taxable","11":"product-type-simple"},"_links":{"self":[{"href":"https:\/\/www.pimentacultural.com\/en\/wp-json\/wp\/v2\/product\/128873","targetHints":{"allow":["GET"]}}],"collection":[{"href":"https:\/\/www.pimentacultural.com\/en\/wp-json\/wp\/v2\/product"}],"about":[{"href":"https:\/\/www.pimentacultural.com\/en\/wp-json\/wp\/v2\/types\/product"}],"version-history":[{"count":0,"href":"https:\/\/www.pimentacultural.com\/en\/wp-json\/wp\/v2\/product\/128873\/revisions"}],"wp:featuredmedia":[{"embeddable":true,"href":"https:\/\/www.pimentacultural.com\/en\/wp-json\/wp\/v2\/media\/128861"}],"wp:attachment":[{"href":"https:\/\/www.pimentacultural.com\/en\/wp-json\/wp\/v2\/media?parent=128873"}],"wp:term":[{"taxonomy":"product_brand","embeddable":true,"href":"https:\/\/www.pimentacultural.com\/en\/wp-json\/wp\/v2\/product_brand?post=128873"},{"taxonomy":"product_cat","embeddable":true,"href":"https:\/\/www.pimentacultural.com\/en\/wp-json\/wp\/v2\/product_cat?post=128873"},{"taxonomy":"product_tag","embeddable":true,"href":"https:\/\/www.pimentacultural.com\/en\/wp-json\/wp\/v2\/product_tag?post=128873"}],"curies":[{"name":"wp","href":"https:\/\/api.w.org\/{rel}","templated":true}]}}