{"id":128834,"date":"2025-02-26T09:47:14","date_gmt":"2025-02-26T12:47:14","guid":{"rendered":"https:\/\/www.pimentacultural.com\/?post_type=product&#038;p=128834"},"modified":"2025-02-26T09:47:14","modified_gmt":"2025-02-26T12:47:14","slug":"construcoes-transmetodologicas","status":"publish","type":"product","link":"https:\/\/www.pimentacultural.com\/en\/livro\/construcoes-transmetodologicas\/","title":{"rendered":"Constru\u00e7\u00f5es transmetodol\u00f3gicas na pesquisa em comunica\u00e7\u00e3o"},"content":{"rendered":"","protected":false},"excerpt":{"rendered":"","protected":false},"featured_media":0,"template":"","meta":[],"product_brand":[],"product_cat":[888],"product_tag":[],"class_list":{"0":"post-128834","1":"product","2":"type-product","3":"status-publish","5":"product_cat-comunicacao-ciencias-sociais-aplicadas","7":"first","8":"instock","9":"shipping-taxable","10":"product-type-simple"},"_links":{"self":[{"href":"https:\/\/www.pimentacultural.com\/en\/wp-json\/wp\/v2\/product\/128834","targetHints":{"allow":["GET"]}}],"collection":[{"href":"https:\/\/www.pimentacultural.com\/en\/wp-json\/wp\/v2\/product"}],"about":[{"href":"https:\/\/www.pimentacultural.com\/en\/wp-json\/wp\/v2\/types\/product"}],"version-history":[{"count":0,"href":"https:\/\/www.pimentacultural.com\/en\/wp-json\/wp\/v2\/product\/128834\/revisions"}],"wp:attachment":[{"href":"https:\/\/www.pimentacultural.com\/en\/wp-json\/wp\/v2\/media?parent=128834"}],"wp:term":[{"taxonomy":"product_brand","embeddable":true,"href":"https:\/\/www.pimentacultural.com\/en\/wp-json\/wp\/v2\/product_brand?post=128834"},{"taxonomy":"product_cat","embeddable":true,"href":"https:\/\/www.pimentacultural.com\/en\/wp-json\/wp\/v2\/product_cat?post=128834"},{"taxonomy":"product_tag","embeddable":true,"href":"https:\/\/www.pimentacultural.com\/en\/wp-json\/wp\/v2\/product_tag?post=128834"}],"curies":[{"name":"wp","href":"https:\/\/api.w.org\/{rel}","templated":true}]}}