{"id":128833,"date":"2025-02-26T09:47:13","date_gmt":"2025-02-26T12:47:13","guid":{"rendered":"https:\/\/www.pimentacultural.com\/?post_type=product&#038;p=128833"},"modified":"2025-02-26T09:47:14","modified_gmt":"2025-02-26T12:47:14","slug":"religioes-afro-brasileiras","status":"publish","type":"product","link":"https:\/\/www.pimentacultural.com\/en\/livro\/religioes-afro-brasileiras\/","title":{"rendered":"As religi\u00f5es afro-brasileiras no Sul e Sudoeste de Goi\u00e1s: os diversos aspectos da presen\u00e7a dessas religi\u00f5es na sociedade e na cultura"},"content":{"rendered":"","protected":false},"excerpt":{"rendered":"","protected":false},"featured_media":0,"template":"","meta":[],"product_brand":[],"product_cat":[721],"product_tag":[],"class_list":{"0":"post-128833","1":"product","2":"type-product","3":"status-publish","5":"product_cat-historia","7":"first","8":"instock","9":"shipping-taxable","10":"product-type-simple"},"_links":{"self":[{"href":"https:\/\/www.pimentacultural.com\/en\/wp-json\/wp\/v2\/product\/128833","targetHints":{"allow":["GET"]}}],"collection":[{"href":"https:\/\/www.pimentacultural.com\/en\/wp-json\/wp\/v2\/product"}],"about":[{"href":"https:\/\/www.pimentacultural.com\/en\/wp-json\/wp\/v2\/types\/product"}],"version-history":[{"count":0,"href":"https:\/\/www.pimentacultural.com\/en\/wp-json\/wp\/v2\/product\/128833\/revisions"}],"wp:attachment":[{"href":"https:\/\/www.pimentacultural.com\/en\/wp-json\/wp\/v2\/media?parent=128833"}],"wp:term":[{"taxonomy":"product_brand","embeddable":true,"href":"https:\/\/www.pimentacultural.com\/en\/wp-json\/wp\/v2\/product_brand?post=128833"},{"taxonomy":"product_cat","embeddable":true,"href":"https:\/\/www.pimentacultural.com\/en\/wp-json\/wp\/v2\/product_cat?post=128833"},{"taxonomy":"product_tag","embeddable":true,"href":"https:\/\/www.pimentacultural.com\/en\/wp-json\/wp\/v2\/product_tag?post=128833"}],"curies":[{"name":"wp","href":"https:\/\/api.w.org\/{rel}","templated":true}]}}