{"id":128357,"date":"2025-03-25T11:49:46","date_gmt":"2025-03-25T14:49:46","guid":{"rendered":"https:\/\/www.pimentacultural.com\/?post_type=product&#038;p=128357"},"modified":"2025-03-25T11:49:56","modified_gmt":"2025-03-25T14:49:56","slug":"androcentrismo-masculino","status":"publish","type":"product","link":"https:\/\/www.pimentacultural.com\/en\/livro\/androcentrismo-masculino\/","title":{"rendered":"Androcentrismo acima de tudo, masculino gen\u00e9rico acima de todas (e de todes): O patriarcado lingu\u00edstico nos manuais e guias de reda\u00e7\u00e3o tocantinenses"},"content":{"rendered":"","protected":false},"excerpt":{"rendered":"","protected":false},"featured_media":128350,"template":"","meta":[],"product_brand":[],"product_cat":[719],"product_tag":[],"class_list":{"0":"post-128357","1":"product","2":"type-product","3":"status-publish","4":"has-post-thumbnail","6":"product_cat-linguistica","8":"first","9":"instock","10":"shipping-taxable","11":"product-type-simple"},"_links":{"self":[{"href":"https:\/\/www.pimentacultural.com\/en\/wp-json\/wp\/v2\/product\/128357","targetHints":{"allow":["GET"]}}],"collection":[{"href":"https:\/\/www.pimentacultural.com\/en\/wp-json\/wp\/v2\/product"}],"about":[{"href":"https:\/\/www.pimentacultural.com\/en\/wp-json\/wp\/v2\/types\/product"}],"version-history":[{"count":0,"href":"https:\/\/www.pimentacultural.com\/en\/wp-json\/wp\/v2\/product\/128357\/revisions"}],"wp:featuredmedia":[{"embeddable":true,"href":"https:\/\/www.pimentacultural.com\/en\/wp-json\/wp\/v2\/media\/128350"}],"wp:attachment":[{"href":"https:\/\/www.pimentacultural.com\/en\/wp-json\/wp\/v2\/media?parent=128357"}],"wp:term":[{"taxonomy":"product_brand","embeddable":true,"href":"https:\/\/www.pimentacultural.com\/en\/wp-json\/wp\/v2\/product_brand?post=128357"},{"taxonomy":"product_cat","embeddable":true,"href":"https:\/\/www.pimentacultural.com\/en\/wp-json\/wp\/v2\/product_cat?post=128357"},{"taxonomy":"product_tag","embeddable":true,"href":"https:\/\/www.pimentacultural.com\/en\/wp-json\/wp\/v2\/product_tag?post=128357"}],"curies":[{"name":"wp","href":"https:\/\/api.w.org\/{rel}","templated":true}]}}