{"id":128116,"date":"2025-03-25T11:49:44","date_gmt":"2025-03-25T14:49:44","guid":{"rendered":"https:\/\/www.pimentacultural.com\/?post_type=product&#038;p=128116"},"modified":"2025-03-25T11:49:56","modified_gmt":"2025-03-25T14:49:56","slug":"perspectivas-historicas","status":"publish","type":"product","link":"https:\/\/www.pimentacultural.com\/en\/livro\/perspectivas-historicas\/","title":{"rendered":"Perspectivas hist\u00f3ricas: educa\u00e7\u00e3o, religi\u00e3o e imigra\u00e7\u00e3o no\nBrasil"},"content":{"rendered":"","protected":false},"excerpt":{"rendered":"","protected":false},"featured_media":128102,"template":"","meta":[],"product_brand":[],"product_cat":[721],"product_tag":[],"class_list":{"0":"post-128116","1":"product","2":"type-product","3":"status-publish","4":"has-post-thumbnail","6":"product_cat-historia","8":"first","9":"instock","10":"shipping-taxable","11":"product-type-simple"},"_links":{"self":[{"href":"https:\/\/www.pimentacultural.com\/en\/wp-json\/wp\/v2\/product\/128116","targetHints":{"allow":["GET"]}}],"collection":[{"href":"https:\/\/www.pimentacultural.com\/en\/wp-json\/wp\/v2\/product"}],"about":[{"href":"https:\/\/www.pimentacultural.com\/en\/wp-json\/wp\/v2\/types\/product"}],"version-history":[{"count":0,"href":"https:\/\/www.pimentacultural.com\/en\/wp-json\/wp\/v2\/product\/128116\/revisions"}],"wp:featuredmedia":[{"embeddable":true,"href":"https:\/\/www.pimentacultural.com\/en\/wp-json\/wp\/v2\/media\/128102"}],"wp:attachment":[{"href":"https:\/\/www.pimentacultural.com\/en\/wp-json\/wp\/v2\/media?parent=128116"}],"wp:term":[{"taxonomy":"product_brand","embeddable":true,"href":"https:\/\/www.pimentacultural.com\/en\/wp-json\/wp\/v2\/product_brand?post=128116"},{"taxonomy":"product_cat","embeddable":true,"href":"https:\/\/www.pimentacultural.com\/en\/wp-json\/wp\/v2\/product_cat?post=128116"},{"taxonomy":"product_tag","embeddable":true,"href":"https:\/\/www.pimentacultural.com\/en\/wp-json\/wp\/v2\/product_tag?post=128116"}],"curies":[{"name":"wp","href":"https:\/\/api.w.org\/{rel}","templated":true}]}}