{"id":127730,"date":"2025-03-14T11:38:47","date_gmt":"2025-03-14T14:38:47","guid":{"rendered":"https:\/\/www.pimentacultural.com\/?post_type=product&#038;p=127730"},"modified":"2025-09-23T13:09:40","modified_gmt":"2025-09-23T16:09:40","slug":"pesquisa-qualitativa-educacao","status":"publish","type":"product","link":"https:\/\/www.pimentacultural.com\/en\/livro\/pesquisa-qualitativa-educacao\/","title":{"rendered":"Pesquisa qualitativa em educa\u00e7\u00e3o: entre as tramas da arte, a liberdade criativa e a rigorosidade met\u00f3dica"},"content":{"rendered":"","protected":false},"excerpt":{"rendered":"","protected":false},"featured_media":127726,"template":"","meta":[],"product_brand":[],"product_cat":[717],"product_tag":[],"class_list":{"0":"post-127730","1":"product","2":"type-product","3":"status-publish","4":"has-post-thumbnail","6":"product_cat-educacao","8":"first","9":"instock","10":"shipping-taxable","11":"product-type-simple"},"_links":{"self":[{"href":"https:\/\/www.pimentacultural.com\/en\/wp-json\/wp\/v2\/product\/127730","targetHints":{"allow":["GET"]}}],"collection":[{"href":"https:\/\/www.pimentacultural.com\/en\/wp-json\/wp\/v2\/product"}],"about":[{"href":"https:\/\/www.pimentacultural.com\/en\/wp-json\/wp\/v2\/types\/product"}],"version-history":[{"count":0,"href":"https:\/\/www.pimentacultural.com\/en\/wp-json\/wp\/v2\/product\/127730\/revisions"}],"wp:featuredmedia":[{"embeddable":true,"href":"https:\/\/www.pimentacultural.com\/en\/wp-json\/wp\/v2\/media\/127726"}],"wp:attachment":[{"href":"https:\/\/www.pimentacultural.com\/en\/wp-json\/wp\/v2\/media?parent=127730"}],"wp:term":[{"taxonomy":"product_brand","embeddable":true,"href":"https:\/\/www.pimentacultural.com\/en\/wp-json\/wp\/v2\/product_brand?post=127730"},{"taxonomy":"product_cat","embeddable":true,"href":"https:\/\/www.pimentacultural.com\/en\/wp-json\/wp\/v2\/product_cat?post=127730"},{"taxonomy":"product_tag","embeddable":true,"href":"https:\/\/www.pimentacultural.com\/en\/wp-json\/wp\/v2\/product_tag?post=127730"}],"curies":[{"name":"wp","href":"https:\/\/api.w.org\/{rel}","templated":true}]}}