{"id":127721,"date":"2025-03-14T11:38:47","date_gmt":"2025-03-14T14:38:47","guid":{"rendered":"https:\/\/www.pimentacultural.com\/?post_type=product&#038;p=127721"},"modified":"2025-09-23T13:09:10","modified_gmt":"2025-09-23T16:09:10","slug":"aprendizagem-docencia","status":"publish","type":"product","link":"https:\/\/www.pimentacultural.com\/en\/livro\/aprendizagem-docencia\/","title":{"rendered":"Aprendizagem da doc\u00eancia em tempos de pandemia e p\u00f3s-pandemia: Relatos de pesquisas e pr\u00e1ticas de ensino na Resid\u00eancia Pedag\u00f3gica Pedagogia"},"content":{"rendered":"","protected":false},"excerpt":{"rendered":"","protected":false},"featured_media":127719,"template":"","meta":[],"product_brand":[],"product_cat":[717],"product_tag":[],"class_list":{"0":"post-127721","1":"product","2":"type-product","3":"status-publish","4":"has-post-thumbnail","6":"product_cat-educacao","8":"first","9":"instock","10":"shipping-taxable","11":"product-type-simple"},"_links":{"self":[{"href":"https:\/\/www.pimentacultural.com\/en\/wp-json\/wp\/v2\/product\/127721","targetHints":{"allow":["GET"]}}],"collection":[{"href":"https:\/\/www.pimentacultural.com\/en\/wp-json\/wp\/v2\/product"}],"about":[{"href":"https:\/\/www.pimentacultural.com\/en\/wp-json\/wp\/v2\/types\/product"}],"version-history":[{"count":0,"href":"https:\/\/www.pimentacultural.com\/en\/wp-json\/wp\/v2\/product\/127721\/revisions"}],"wp:featuredmedia":[{"embeddable":true,"href":"https:\/\/www.pimentacultural.com\/en\/wp-json\/wp\/v2\/media\/127719"}],"wp:attachment":[{"href":"https:\/\/www.pimentacultural.com\/en\/wp-json\/wp\/v2\/media?parent=127721"}],"wp:term":[{"taxonomy":"product_brand","embeddable":true,"href":"https:\/\/www.pimentacultural.com\/en\/wp-json\/wp\/v2\/product_brand?post=127721"},{"taxonomy":"product_cat","embeddable":true,"href":"https:\/\/www.pimentacultural.com\/en\/wp-json\/wp\/v2\/product_cat?post=127721"},{"taxonomy":"product_tag","embeddable":true,"href":"https:\/\/www.pimentacultural.com\/en\/wp-json\/wp\/v2\/product_tag?post=127721"}],"curies":[{"name":"wp","href":"https:\/\/api.w.org\/{rel}","templated":true}]}}