{"id":127712,"date":"2025-03-14T11:38:46","date_gmt":"2025-03-14T14:38:46","guid":{"rendered":"https:\/\/www.pimentacultural.com\/?post_type=product&#038;p=127712"},"modified":"2025-09-23T13:08:05","modified_gmt":"2025-09-23T16:08:05","slug":"performatividade-discursiva","status":"publish","type":"product","link":"https:\/\/www.pimentacultural.com\/en\/livro\/performatividade-discursiva\/","title":{"rendered":"Performatividade discursiva e avalia\u00e7\u00e3o da educa\u00e7\u00e3o: uma an\u00e1lise pol\u00edtico-epistemol\u00f3gica do SARESP na Folha de S. Paulo e no Jornal da APEOESP (1995-2010)"},"content":{"rendered":"","protected":false},"excerpt":{"rendered":"","protected":false},"featured_media":127701,"template":"","meta":[],"product_brand":[],"product_cat":[717],"product_tag":[],"class_list":{"0":"post-127712","1":"product","2":"type-product","3":"status-publish","4":"has-post-thumbnail","6":"product_cat-educacao","8":"first","9":"instock","10":"shipping-taxable","11":"product-type-simple"},"_links":{"self":[{"href":"https:\/\/www.pimentacultural.com\/en\/wp-json\/wp\/v2\/product\/127712","targetHints":{"allow":["GET"]}}],"collection":[{"href":"https:\/\/www.pimentacultural.com\/en\/wp-json\/wp\/v2\/product"}],"about":[{"href":"https:\/\/www.pimentacultural.com\/en\/wp-json\/wp\/v2\/types\/product"}],"version-history":[{"count":0,"href":"https:\/\/www.pimentacultural.com\/en\/wp-json\/wp\/v2\/product\/127712\/revisions"}],"wp:featuredmedia":[{"embeddable":true,"href":"https:\/\/www.pimentacultural.com\/en\/wp-json\/wp\/v2\/media\/127701"}],"wp:attachment":[{"href":"https:\/\/www.pimentacultural.com\/en\/wp-json\/wp\/v2\/media?parent=127712"}],"wp:term":[{"taxonomy":"product_brand","embeddable":true,"href":"https:\/\/www.pimentacultural.com\/en\/wp-json\/wp\/v2\/product_brand?post=127712"},{"taxonomy":"product_cat","embeddable":true,"href":"https:\/\/www.pimentacultural.com\/en\/wp-json\/wp\/v2\/product_cat?post=127712"},{"taxonomy":"product_tag","embeddable":true,"href":"https:\/\/www.pimentacultural.com\/en\/wp-json\/wp\/v2\/product_tag?post=127712"}],"curies":[{"name":"wp","href":"https:\/\/api.w.org\/{rel}","templated":true}]}}