{"id":127674,"date":"2025-03-14T11:38:45","date_gmt":"2025-03-14T14:38:45","guid":{"rendered":"https:\/\/www.pimentacultural.com\/?post_type=product&#038;p=127674"},"modified":"2025-09-23T13:04:50","modified_gmt":"2025-09-23T16:04:50","slug":"introducao-materiais-sinterizacao","status":"publish","type":"product","link":"https:\/\/www.pimentacultural.com\/en\/livro\/introducao-materiais-sinterizacao\/","title":{"rendered":"Introdu\u00e7\u00e3o aos Materiais Cer\u00e2micos: Sinteriza\u00e7\u00e3o e Propriedades"},"content":{"rendered":"","protected":false},"excerpt":{"rendered":"","protected":false},"featured_media":127664,"template":"","meta":[],"product_brand":[],"product_cat":[758],"product_tag":[],"class_list":{"0":"post-127674","1":"product","2":"type-product","3":"status-publish","4":"has-post-thumbnail","6":"product_cat-engenharia-de-materiais-e-metalurgica","8":"first","9":"instock","10":"shipping-taxable","11":"product-type-simple"},"_links":{"self":[{"href":"https:\/\/www.pimentacultural.com\/en\/wp-json\/wp\/v2\/product\/127674","targetHints":{"allow":["GET"]}}],"collection":[{"href":"https:\/\/www.pimentacultural.com\/en\/wp-json\/wp\/v2\/product"}],"about":[{"href":"https:\/\/www.pimentacultural.com\/en\/wp-json\/wp\/v2\/types\/product"}],"version-history":[{"count":0,"href":"https:\/\/www.pimentacultural.com\/en\/wp-json\/wp\/v2\/product\/127674\/revisions"}],"wp:featuredmedia":[{"embeddable":true,"href":"https:\/\/www.pimentacultural.com\/en\/wp-json\/wp\/v2\/media\/127664"}],"wp:attachment":[{"href":"https:\/\/www.pimentacultural.com\/en\/wp-json\/wp\/v2\/media?parent=127674"}],"wp:term":[{"taxonomy":"product_brand","embeddable":true,"href":"https:\/\/www.pimentacultural.com\/en\/wp-json\/wp\/v2\/product_brand?post=127674"},{"taxonomy":"product_cat","embeddable":true,"href":"https:\/\/www.pimentacultural.com\/en\/wp-json\/wp\/v2\/product_cat?post=127674"},{"taxonomy":"product_tag","embeddable":true,"href":"https:\/\/www.pimentacultural.com\/en\/wp-json\/wp\/v2\/product_tag?post=127674"}],"curies":[{"name":"wp","href":"https:\/\/api.w.org\/{rel}","templated":true}]}}