{"id":127510,"date":"2025-03-14T11:38:42","date_gmt":"2025-03-14T14:38:42","guid":{"rendered":"https:\/\/www.pimentacultural.com\/?post_type=product&#038;p=127510"},"modified":"2025-03-14T11:39:00","modified_gmt":"2025-03-14T14:39:00","slug":"biosociodiversidade-pluralidade","status":"publish","type":"product","link":"https:\/\/www.pimentacultural.com\/en\/livro\/biosociodiversidade-pluralidade\/","title":{"rendered":"Bio(Socio)Diversidade e Pluralidade na Amaz\u00f4nia Sul Oriental:\nVIII Anais do Encontro de P\u00f3s-gradua\u00e7\u00e3o da Unifesspa"},"content":{"rendered":"","protected":false},"excerpt":{"rendered":"","protected":false},"featured_media":127497,"template":"","meta":[],"product_brand":[],"product_cat":[717],"product_tag":[],"class_list":{"0":"post-127510","1":"product","2":"type-product","3":"status-publish","4":"has-post-thumbnail","6":"product_cat-educacao","8":"first","9":"instock","10":"shipping-taxable","11":"product-type-simple"},"_links":{"self":[{"href":"https:\/\/www.pimentacultural.com\/en\/wp-json\/wp\/v2\/product\/127510","targetHints":{"allow":["GET"]}}],"collection":[{"href":"https:\/\/www.pimentacultural.com\/en\/wp-json\/wp\/v2\/product"}],"about":[{"href":"https:\/\/www.pimentacultural.com\/en\/wp-json\/wp\/v2\/types\/product"}],"version-history":[{"count":0,"href":"https:\/\/www.pimentacultural.com\/en\/wp-json\/wp\/v2\/product\/127510\/revisions"}],"wp:featuredmedia":[{"embeddable":true,"href":"https:\/\/www.pimentacultural.com\/en\/wp-json\/wp\/v2\/media\/127497"}],"wp:attachment":[{"href":"https:\/\/www.pimentacultural.com\/en\/wp-json\/wp\/v2\/media?parent=127510"}],"wp:term":[{"taxonomy":"product_brand","embeddable":true,"href":"https:\/\/www.pimentacultural.com\/en\/wp-json\/wp\/v2\/product_brand?post=127510"},{"taxonomy":"product_cat","embeddable":true,"href":"https:\/\/www.pimentacultural.com\/en\/wp-json\/wp\/v2\/product_cat?post=127510"},{"taxonomy":"product_tag","embeddable":true,"href":"https:\/\/www.pimentacultural.com\/en\/wp-json\/wp\/v2\/product_tag?post=127510"}],"curies":[{"name":"wp","href":"https:\/\/api.w.org\/{rel}","templated":true}]}}