{"id":127485,"date":"2025-03-14T11:38:42","date_gmt":"2025-03-14T14:38:42","guid":{"rendered":"https:\/\/www.pimentacultural.com\/?post_type=product&#038;p=127485"},"modified":"2025-09-23T13:00:35","modified_gmt":"2025-09-23T16:00:35","slug":"anais-ii-seminario","status":"publish","type":"product","link":"https:\/\/www.pimentacultural.com\/en\/livro\/anais-ii-seminario\/","title":{"rendered":"Anais do II Semin\u00e1rio Nacional em Avalia\u00e7\u00e3o: Avalia\u00e7\u00e3oe Forma\u00e7\u00e3o de Compet\u00eancias Digitais de Professores &amp;Avalia\u00e7\u00e3o da Educa\u00e7\u00e3o Digital 28 e 29 de novembro de2023"},"content":{"rendered":"","protected":false},"excerpt":{"rendered":"","protected":false},"featured_media":127472,"template":"","meta":[],"product_brand":[],"product_cat":[717],"product_tag":[],"class_list":{"0":"post-127485","1":"product","2":"type-product","3":"status-publish","4":"has-post-thumbnail","6":"product_cat-educacao","8":"first","9":"instock","10":"shipping-taxable","11":"product-type-simple"},"_links":{"self":[{"href":"https:\/\/www.pimentacultural.com\/en\/wp-json\/wp\/v2\/product\/127485","targetHints":{"allow":["GET"]}}],"collection":[{"href":"https:\/\/www.pimentacultural.com\/en\/wp-json\/wp\/v2\/product"}],"about":[{"href":"https:\/\/www.pimentacultural.com\/en\/wp-json\/wp\/v2\/types\/product"}],"version-history":[{"count":0,"href":"https:\/\/www.pimentacultural.com\/en\/wp-json\/wp\/v2\/product\/127485\/revisions"}],"wp:featuredmedia":[{"embeddable":true,"href":"https:\/\/www.pimentacultural.com\/en\/wp-json\/wp\/v2\/media\/127472"}],"wp:attachment":[{"href":"https:\/\/www.pimentacultural.com\/en\/wp-json\/wp\/v2\/media?parent=127485"}],"wp:term":[{"taxonomy":"product_brand","embeddable":true,"href":"https:\/\/www.pimentacultural.com\/en\/wp-json\/wp\/v2\/product_brand?post=127485"},{"taxonomy":"product_cat","embeddable":true,"href":"https:\/\/www.pimentacultural.com\/en\/wp-json\/wp\/v2\/product_cat?post=127485"},{"taxonomy":"product_tag","embeddable":true,"href":"https:\/\/www.pimentacultural.com\/en\/wp-json\/wp\/v2\/product_tag?post=127485"}],"curies":[{"name":"wp","href":"https:\/\/api.w.org\/{rel}","templated":true}]}}