{"id":127041,"date":"2025-03-14T11:38:39","date_gmt":"2025-03-14T14:38:39","guid":{"rendered":"https:\/\/www.pimentacultural.com\/?post_type=product&#038;p=127041"},"modified":"2025-09-23T12:47:07","modified_gmt":"2025-09-23T15:47:07","slug":"transformando-futuro","status":"publish","type":"product","link":"https:\/\/www.pimentacultural.com\/en\/livro\/transformando-futuro\/","title":{"rendered":"Transformando o Futuro: Inova\u00e7\u00f5es e Pr\u00e1ticas Excepcionais na Educa\u00e7\u00e3o B\u00e1sica &#8211; Um Comp\u00eandio de Artigos Inspiradores para o Ensino M\u00e9dio &#8211; CREDE 9"},"content":{"rendered":"","protected":false},"excerpt":{"rendered":"","protected":false},"featured_media":127039,"template":"","meta":[],"product_brand":[],"product_cat":[717],"product_tag":[],"class_list":{"0":"post-127041","1":"product","2":"type-product","3":"status-publish","4":"has-post-thumbnail","6":"product_cat-educacao","8":"first","9":"instock","10":"shipping-taxable","11":"product-type-simple"},"_links":{"self":[{"href":"https:\/\/www.pimentacultural.com\/en\/wp-json\/wp\/v2\/product\/127041","targetHints":{"allow":["GET"]}}],"collection":[{"href":"https:\/\/www.pimentacultural.com\/en\/wp-json\/wp\/v2\/product"}],"about":[{"href":"https:\/\/www.pimentacultural.com\/en\/wp-json\/wp\/v2\/types\/product"}],"version-history":[{"count":0,"href":"https:\/\/www.pimentacultural.com\/en\/wp-json\/wp\/v2\/product\/127041\/revisions"}],"wp:featuredmedia":[{"embeddable":true,"href":"https:\/\/www.pimentacultural.com\/en\/wp-json\/wp\/v2\/media\/127039"}],"wp:attachment":[{"href":"https:\/\/www.pimentacultural.com\/en\/wp-json\/wp\/v2\/media?parent=127041"}],"wp:term":[{"taxonomy":"product_brand","embeddable":true,"href":"https:\/\/www.pimentacultural.com\/en\/wp-json\/wp\/v2\/product_brand?post=127041"},{"taxonomy":"product_cat","embeddable":true,"href":"https:\/\/www.pimentacultural.com\/en\/wp-json\/wp\/v2\/product_cat?post=127041"},{"taxonomy":"product_tag","embeddable":true,"href":"https:\/\/www.pimentacultural.com\/en\/wp-json\/wp\/v2\/product_tag?post=127041"}],"curies":[{"name":"wp","href":"https:\/\/api.w.org\/{rel}","templated":true}]}}