{"id":126909,"date":"2025-03-14T11:38:33","date_gmt":"2025-03-14T14:38:33","guid":{"rendered":"https:\/\/www.pimentacultural.com\/?post_type=product&#038;p=126909"},"modified":"2025-03-14T11:39:00","modified_gmt":"2025-03-14T14:39:00","slug":"construcao-historia","status":"publish","type":"product","link":"https:\/\/www.pimentacultural.com\/en\/livro\/construcao-historia\/","title":{"rendered":"A constru\u00e7\u00e3o de uma hist\u00f3ria do luto a partir do texto liter\u00e1rio: antiguidade"},"content":{"rendered":"","protected":false},"excerpt":{"rendered":"","protected":false},"featured_media":126901,"template":"","meta":[],"product_brand":[],"product_cat":[721],"product_tag":[],"class_list":{"0":"post-126909","1":"product","2":"type-product","3":"status-publish","4":"has-post-thumbnail","6":"product_cat-historia","8":"first","9":"instock","10":"shipping-taxable","11":"product-type-simple"},"_links":{"self":[{"href":"https:\/\/www.pimentacultural.com\/en\/wp-json\/wp\/v2\/product\/126909","targetHints":{"allow":["GET"]}}],"collection":[{"href":"https:\/\/www.pimentacultural.com\/en\/wp-json\/wp\/v2\/product"}],"about":[{"href":"https:\/\/www.pimentacultural.com\/en\/wp-json\/wp\/v2\/types\/product"}],"version-history":[{"count":0,"href":"https:\/\/www.pimentacultural.com\/en\/wp-json\/wp\/v2\/product\/126909\/revisions"}],"wp:featuredmedia":[{"embeddable":true,"href":"https:\/\/www.pimentacultural.com\/en\/wp-json\/wp\/v2\/media\/126901"}],"wp:attachment":[{"href":"https:\/\/www.pimentacultural.com\/en\/wp-json\/wp\/v2\/media?parent=126909"}],"wp:term":[{"taxonomy":"product_brand","embeddable":true,"href":"https:\/\/www.pimentacultural.com\/en\/wp-json\/wp\/v2\/product_brand?post=126909"},{"taxonomy":"product_cat","embeddable":true,"href":"https:\/\/www.pimentacultural.com\/en\/wp-json\/wp\/v2\/product_cat?post=126909"},{"taxonomy":"product_tag","embeddable":true,"href":"https:\/\/www.pimentacultural.com\/en\/wp-json\/wp\/v2\/product_tag?post=126909"}],"curies":[{"name":"wp","href":"https:\/\/api.w.org\/{rel}","templated":true}]}}