{"id":126803,"date":"2025-03-14T11:38:30","date_gmt":"2025-03-14T14:38:30","guid":{"rendered":"https:\/\/www.pimentacultural.com\/?post_type=product&#038;p=126803"},"modified":"2025-03-14T11:38:59","modified_gmt":"2025-03-14T14:38:59","slug":"ensino-quimica-pedagogia","status":"publish","type":"product","link":"https:\/\/www.pimentacultural.com\/en\/livro\/ensino-quimica-pedagogia\/","title":{"rendered":"Ensino de Qu\u00edmica na perspectiva da Pedagogia Hist\u00f3rico-Cr\u00edtica: propostas de planos de aula para a educa\u00e7\u00e3o b\u00e1sica"},"content":{"rendered":"","protected":false},"excerpt":{"rendered":"","protected":false},"featured_media":126787,"template":"","meta":[],"product_brand":[],"product_cat":[877],"product_tag":[],"class_list":{"0":"post-126803","1":"product","2":"type-product","3":"status-publish","4":"has-post-thumbnail","6":"product_cat-quimica","8":"first","9":"instock","10":"shipping-taxable","11":"product-type-simple"},"_links":{"self":[{"href":"https:\/\/www.pimentacultural.com\/en\/wp-json\/wp\/v2\/product\/126803","targetHints":{"allow":["GET"]}}],"collection":[{"href":"https:\/\/www.pimentacultural.com\/en\/wp-json\/wp\/v2\/product"}],"about":[{"href":"https:\/\/www.pimentacultural.com\/en\/wp-json\/wp\/v2\/types\/product"}],"version-history":[{"count":0,"href":"https:\/\/www.pimentacultural.com\/en\/wp-json\/wp\/v2\/product\/126803\/revisions"}],"wp:featuredmedia":[{"embeddable":true,"href":"https:\/\/www.pimentacultural.com\/en\/wp-json\/wp\/v2\/media\/126787"}],"wp:attachment":[{"href":"https:\/\/www.pimentacultural.com\/en\/wp-json\/wp\/v2\/media?parent=126803"}],"wp:term":[{"taxonomy":"product_brand","embeddable":true,"href":"https:\/\/www.pimentacultural.com\/en\/wp-json\/wp\/v2\/product_brand?post=126803"},{"taxonomy":"product_cat","embeddable":true,"href":"https:\/\/www.pimentacultural.com\/en\/wp-json\/wp\/v2\/product_cat?post=126803"},{"taxonomy":"product_tag","embeddable":true,"href":"https:\/\/www.pimentacultural.com\/en\/wp-json\/wp\/v2\/product_tag?post=126803"}],"curies":[{"name":"wp","href":"https:\/\/api.w.org\/{rel}","templated":true}]}}