{"id":126763,"date":"2025-01-20T09:03:55","date_gmt":"2025-01-20T12:03:55","guid":{"rendered":"https:\/\/www.pimentacultural.com\/?post_type=product&#038;p=126763"},"modified":"2025-01-20T09:03:55","modified_gmt":"2025-01-20T12:03:55","slug":"economia-solidaria","status":"publish","type":"product","link":"https:\/\/www.pimentacultural.com\/en\/livro\/economia-solidaria\/","title":{"rendered":"Economia solid\u00e1ria e emancipa\u00e7\u00e3o social: uma estrat\u00e9gia educativa de enfrentamento \u00e0s viol\u00eancias de g\u00eanero contra as mulheres na regi\u00e3o serrana de Santa Catarina"},"content":{"rendered":"","protected":false},"excerpt":{"rendered":"","protected":false},"featured_media":126756,"template":"","meta":[],"product_brand":[],"product_cat":[717],"product_tag":[],"class_list":{"0":"post-126763","1":"product","2":"type-product","3":"status-publish","4":"has-post-thumbnail","6":"product_cat-educacao","8":"first","9":"instock","10":"shipping-taxable","11":"product-type-simple"},"_links":{"self":[{"href":"https:\/\/www.pimentacultural.com\/en\/wp-json\/wp\/v2\/product\/126763","targetHints":{"allow":["GET"]}}],"collection":[{"href":"https:\/\/www.pimentacultural.com\/en\/wp-json\/wp\/v2\/product"}],"about":[{"href":"https:\/\/www.pimentacultural.com\/en\/wp-json\/wp\/v2\/types\/product"}],"version-history":[{"count":0,"href":"https:\/\/www.pimentacultural.com\/en\/wp-json\/wp\/v2\/product\/126763\/revisions"}],"wp:featuredmedia":[{"embeddable":true,"href":"https:\/\/www.pimentacultural.com\/en\/wp-json\/wp\/v2\/media\/126756"}],"wp:attachment":[{"href":"https:\/\/www.pimentacultural.com\/en\/wp-json\/wp\/v2\/media?parent=126763"}],"wp:term":[{"taxonomy":"product_brand","embeddable":true,"href":"https:\/\/www.pimentacultural.com\/en\/wp-json\/wp\/v2\/product_brand?post=126763"},{"taxonomy":"product_cat","embeddable":true,"href":"https:\/\/www.pimentacultural.com\/en\/wp-json\/wp\/v2\/product_cat?post=126763"},{"taxonomy":"product_tag","embeddable":true,"href":"https:\/\/www.pimentacultural.com\/en\/wp-json\/wp\/v2\/product_tag?post=126763"}],"curies":[{"name":"wp","href":"https:\/\/api.w.org\/{rel}","templated":true}]}}