{"id":126762,"date":"2025-01-20T09:03:55","date_gmt":"2025-01-20T12:03:55","guid":{"rendered":"https:\/\/www.pimentacultural.com\/?post_type=product&#038;p=126762"},"modified":"2025-01-20T09:03:55","modified_gmt":"2025-01-20T12:03:55","slug":"investigacoes-cientificas-bahia","status":"publish","type":"product","link":"https:\/\/www.pimentacultural.com\/en\/livro\/investigacoes-cientificas-bahia\/","title":{"rendered":"Investiga\u00e7\u00f5es cient\u00edficas nos territ\u00f3rios de identidade da Bahia:\nTrabalho docente e Educa\u00e7\u00e3o Inclusiva"},"content":{"rendered":"","protected":false},"excerpt":{"rendered":"","protected":false},"featured_media":126754,"template":"","meta":[],"product_brand":[],"product_cat":[717],"product_tag":[],"class_list":{"0":"post-126762","1":"product","2":"type-product","3":"status-publish","4":"has-post-thumbnail","6":"product_cat-educacao","8":"first","9":"instock","10":"shipping-taxable","11":"product-type-simple"},"_links":{"self":[{"href":"https:\/\/www.pimentacultural.com\/en\/wp-json\/wp\/v2\/product\/126762","targetHints":{"allow":["GET"]}}],"collection":[{"href":"https:\/\/www.pimentacultural.com\/en\/wp-json\/wp\/v2\/product"}],"about":[{"href":"https:\/\/www.pimentacultural.com\/en\/wp-json\/wp\/v2\/types\/product"}],"version-history":[{"count":0,"href":"https:\/\/www.pimentacultural.com\/en\/wp-json\/wp\/v2\/product\/126762\/revisions"}],"wp:featuredmedia":[{"embeddable":true,"href":"https:\/\/www.pimentacultural.com\/en\/wp-json\/wp\/v2\/media\/126754"}],"wp:attachment":[{"href":"https:\/\/www.pimentacultural.com\/en\/wp-json\/wp\/v2\/media?parent=126762"}],"wp:term":[{"taxonomy":"product_brand","embeddable":true,"href":"https:\/\/www.pimentacultural.com\/en\/wp-json\/wp\/v2\/product_brand?post=126762"},{"taxonomy":"product_cat","embeddable":true,"href":"https:\/\/www.pimentacultural.com\/en\/wp-json\/wp\/v2\/product_cat?post=126762"},{"taxonomy":"product_tag","embeddable":true,"href":"https:\/\/www.pimentacultural.com\/en\/wp-json\/wp\/v2\/product_tag?post=126762"}],"curies":[{"name":"wp","href":"https:\/\/api.w.org\/{rel}","templated":true}]}}