{"id":126761,"date":"2025-01-20T09:03:54","date_gmt":"2025-01-20T12:03:54","guid":{"rendered":"https:\/\/www.pimentacultural.com\/?post_type=product&#038;p=126761"},"modified":"2025-01-20T09:03:55","modified_gmt":"2025-01-20T12:03:55","slug":"saberes-interacao","status":"publish","type":"product","link":"https:\/\/www.pimentacultural.com\/en\/livro\/saberes-interacao\/","title":{"rendered":"Saberes da p\u00f3s-gradua\u00e7\u00e3o em intera\u00e7\u00e3o: forma\u00e7\u00e3o e desenvolvimento profissional na doc\u00eancia"},"content":{"rendered":"","protected":false},"excerpt":{"rendered":"","protected":false},"featured_media":126750,"template":"","meta":[],"product_brand":[],"product_cat":[717],"product_tag":[],"class_list":{"0":"post-126761","1":"product","2":"type-product","3":"status-publish","4":"has-post-thumbnail","6":"product_cat-educacao","8":"first","9":"instock","10":"shipping-taxable","11":"product-type-simple"},"_links":{"self":[{"href":"https:\/\/www.pimentacultural.com\/en\/wp-json\/wp\/v2\/product\/126761","targetHints":{"allow":["GET"]}}],"collection":[{"href":"https:\/\/www.pimentacultural.com\/en\/wp-json\/wp\/v2\/product"}],"about":[{"href":"https:\/\/www.pimentacultural.com\/en\/wp-json\/wp\/v2\/types\/product"}],"version-history":[{"count":0,"href":"https:\/\/www.pimentacultural.com\/en\/wp-json\/wp\/v2\/product\/126761\/revisions"}],"wp:featuredmedia":[{"embeddable":true,"href":"https:\/\/www.pimentacultural.com\/en\/wp-json\/wp\/v2\/media\/126750"}],"wp:attachment":[{"href":"https:\/\/www.pimentacultural.com\/en\/wp-json\/wp\/v2\/media?parent=126761"}],"wp:term":[{"taxonomy":"product_brand","embeddable":true,"href":"https:\/\/www.pimentacultural.com\/en\/wp-json\/wp\/v2\/product_brand?post=126761"},{"taxonomy":"product_cat","embeddable":true,"href":"https:\/\/www.pimentacultural.com\/en\/wp-json\/wp\/v2\/product_cat?post=126761"},{"taxonomy":"product_tag","embeddable":true,"href":"https:\/\/www.pimentacultural.com\/en\/wp-json\/wp\/v2\/product_tag?post=126761"}],"curies":[{"name":"wp","href":"https:\/\/api.w.org\/{rel}","templated":true}]}}