{"id":126727,"date":"2025-03-07T15:07:04","date_gmt":"2025-03-07T18:07:04","guid":{"rendered":"https:\/\/www.pimentacultural.com\/?post_type=product&#038;p=126727"},"modified":"2025-03-07T15:07:06","modified_gmt":"2025-03-07T18:07:06","slug":"eu-lira","status":"publish","type":"product","link":"https:\/\/www.pimentacultural.com\/en\/livro\/eu-lira\/","title":{"rendered":"\u201cEu sou da lira, n\u00e3o posso negar\u201d: Trajet\u00f3rias de vida, mem\u00f3rias e pol\u00edticas culturais nas bandas civis centen\u00e1rias de Campos dos Goytacazes (RJ)"},"content":{"rendered":"","protected":false},"excerpt":{"rendered":"","protected":false},"featured_media":126725,"template":"","meta":[],"product_brand":[],"product_cat":[729],"product_tag":[],"class_list":{"0":"post-126727","1":"product","2":"type-product","3":"status-publish","4":"has-post-thumbnail","6":"product_cat-artes","8":"first","9":"instock","10":"shipping-taxable","11":"product-type-simple"},"_links":{"self":[{"href":"https:\/\/www.pimentacultural.com\/en\/wp-json\/wp\/v2\/product\/126727","targetHints":{"allow":["GET"]}}],"collection":[{"href":"https:\/\/www.pimentacultural.com\/en\/wp-json\/wp\/v2\/product"}],"about":[{"href":"https:\/\/www.pimentacultural.com\/en\/wp-json\/wp\/v2\/types\/product"}],"version-history":[{"count":0,"href":"https:\/\/www.pimentacultural.com\/en\/wp-json\/wp\/v2\/product\/126727\/revisions"}],"wp:featuredmedia":[{"embeddable":true,"href":"https:\/\/www.pimentacultural.com\/en\/wp-json\/wp\/v2\/media\/126725"}],"wp:attachment":[{"href":"https:\/\/www.pimentacultural.com\/en\/wp-json\/wp\/v2\/media?parent=126727"}],"wp:term":[{"taxonomy":"product_brand","embeddable":true,"href":"https:\/\/www.pimentacultural.com\/en\/wp-json\/wp\/v2\/product_brand?post=126727"},{"taxonomy":"product_cat","embeddable":true,"href":"https:\/\/www.pimentacultural.com\/en\/wp-json\/wp\/v2\/product_cat?post=126727"},{"taxonomy":"product_tag","embeddable":true,"href":"https:\/\/www.pimentacultural.com\/en\/wp-json\/wp\/v2\/product_tag?post=126727"}],"curies":[{"name":"wp","href":"https:\/\/api.w.org\/{rel}","templated":true}]}}