{"id":126545,"date":"2024-11-28T10:07:11","date_gmt":"2024-11-28T13:07:11","guid":{"rendered":"https:\/\/www.pimentacultural.com\/?post_type=product&#038;p=126545"},"modified":"2024-11-28T10:07:24","modified_gmt":"2024-11-28T13:07:24","slug":"jogo-arena-ludica","status":"publish","type":"product","link":"https:\/\/www.pimentacultural.com\/en\/livro\/jogo-arena-ludica\/","title":{"rendered":"O jogo no Arena L\u00fadica: o l\u00fadico como experi\u00eancia de cria\u00e7\u00e3o,\nviv\u00eancia e aprendizado"},"content":{"rendered":"","protected":false},"excerpt":{"rendered":"","protected":false},"featured_media":126532,"template":"","meta":[],"product_brand":[],"product_cat":[715],"product_tag":[],"class_list":{"0":"post-126545","1":"product","2":"type-product","3":"status-publish","4":"has-post-thumbnail","6":"product_cat-comunicacao","8":"first","9":"instock","10":"shipping-taxable","11":"product-type-simple"},"_links":{"self":[{"href":"https:\/\/www.pimentacultural.com\/en\/wp-json\/wp\/v2\/product\/126545","targetHints":{"allow":["GET"]}}],"collection":[{"href":"https:\/\/www.pimentacultural.com\/en\/wp-json\/wp\/v2\/product"}],"about":[{"href":"https:\/\/www.pimentacultural.com\/en\/wp-json\/wp\/v2\/types\/product"}],"version-history":[{"count":0,"href":"https:\/\/www.pimentacultural.com\/en\/wp-json\/wp\/v2\/product\/126545\/revisions"}],"wp:featuredmedia":[{"embeddable":true,"href":"https:\/\/www.pimentacultural.com\/en\/wp-json\/wp\/v2\/media\/126532"}],"wp:attachment":[{"href":"https:\/\/www.pimentacultural.com\/en\/wp-json\/wp\/v2\/media?parent=126545"}],"wp:term":[{"taxonomy":"product_brand","embeddable":true,"href":"https:\/\/www.pimentacultural.com\/en\/wp-json\/wp\/v2\/product_brand?post=126545"},{"taxonomy":"product_cat","embeddable":true,"href":"https:\/\/www.pimentacultural.com\/en\/wp-json\/wp\/v2\/product_cat?post=126545"},{"taxonomy":"product_tag","embeddable":true,"href":"https:\/\/www.pimentacultural.com\/en\/wp-json\/wp\/v2\/product_tag?post=126545"}],"curies":[{"name":"wp","href":"https:\/\/api.w.org\/{rel}","templated":true}]}}