{"id":126504,"date":"2025-01-08T14:34:09","date_gmt":"2025-01-08T17:34:09","guid":{"rendered":"https:\/\/www.pimentacultural.com\/?post_type=product&#038;p=126504"},"modified":"2025-01-08T14:34:28","modified_gmt":"2025-01-08T17:34:28","slug":"25-anos-ppgcr","status":"publish","type":"product","link":"https:\/\/www.pimentacultural.com\/en\/livro\/25-anos-ppgcr\/","title":{"rendered":"25 Anos do PPGCR da PUC Goi\u00e1s: Memorial e Contribui\u00e7\u00f5es"},"content":{"rendered":"","protected":false},"excerpt":{"rendered":"","protected":false},"featured_media":126500,"template":"","meta":[],"product_brand":[],"product_cat":[759],"product_tag":[],"class_list":{"0":"post-126504","1":"product","2":"type-product","3":"status-publish","4":"has-post-thumbnail","6":"product_cat-teologia","8":"first","9":"instock","10":"shipping-taxable","11":"product-type-simple"},"_links":{"self":[{"href":"https:\/\/www.pimentacultural.com\/en\/wp-json\/wp\/v2\/product\/126504","targetHints":{"allow":["GET"]}}],"collection":[{"href":"https:\/\/www.pimentacultural.com\/en\/wp-json\/wp\/v2\/product"}],"about":[{"href":"https:\/\/www.pimentacultural.com\/en\/wp-json\/wp\/v2\/types\/product"}],"version-history":[{"count":0,"href":"https:\/\/www.pimentacultural.com\/en\/wp-json\/wp\/v2\/product\/126504\/revisions"}],"wp:featuredmedia":[{"embeddable":true,"href":"https:\/\/www.pimentacultural.com\/en\/wp-json\/wp\/v2\/media\/126500"}],"wp:attachment":[{"href":"https:\/\/www.pimentacultural.com\/en\/wp-json\/wp\/v2\/media?parent=126504"}],"wp:term":[{"taxonomy":"product_brand","embeddable":true,"href":"https:\/\/www.pimentacultural.com\/en\/wp-json\/wp\/v2\/product_brand?post=126504"},{"taxonomy":"product_cat","embeddable":true,"href":"https:\/\/www.pimentacultural.com\/en\/wp-json\/wp\/v2\/product_cat?post=126504"},{"taxonomy":"product_tag","embeddable":true,"href":"https:\/\/www.pimentacultural.com\/en\/wp-json\/wp\/v2\/product_tag?post=126504"}],"curies":[{"name":"wp","href":"https:\/\/api.w.org\/{rel}","templated":true}]}}