{"id":126476,"date":"2024-11-28T10:07:09","date_gmt":"2024-11-28T13:07:09","guid":{"rendered":"https:\/\/www.pimentacultural.com\/?post_type=product&#038;p=126476"},"modified":"2024-11-28T10:07:23","modified_gmt":"2024-11-28T13:07:23","slug":"horizontes-educacionais","status":"publish","type":"product","link":"https:\/\/www.pimentacultural.com\/en\/livro\/horizontes-educacionais\/","title":{"rendered":"Horizontes Educacionais: Forma\u00e7\u00e3o Docente, Pol\u00edticas P\u00fablicas e Educa\u00e7\u00e3o Inclusiva"},"content":{"rendered":"","protected":false},"excerpt":{"rendered":"","protected":false},"featured_media":126470,"template":"","meta":[],"product_brand":[],"product_cat":[717],"product_tag":[],"class_list":{"0":"post-126476","1":"product","2":"type-product","3":"status-publish","4":"has-post-thumbnail","6":"product_cat-educacao","8":"first","9":"instock","10":"shipping-taxable","11":"product-type-simple"},"_links":{"self":[{"href":"https:\/\/www.pimentacultural.com\/en\/wp-json\/wp\/v2\/product\/126476","targetHints":{"allow":["GET"]}}],"collection":[{"href":"https:\/\/www.pimentacultural.com\/en\/wp-json\/wp\/v2\/product"}],"about":[{"href":"https:\/\/www.pimentacultural.com\/en\/wp-json\/wp\/v2\/types\/product"}],"version-history":[{"count":0,"href":"https:\/\/www.pimentacultural.com\/en\/wp-json\/wp\/v2\/product\/126476\/revisions"}],"wp:featuredmedia":[{"embeddable":true,"href":"https:\/\/www.pimentacultural.com\/en\/wp-json\/wp\/v2\/media\/126470"}],"wp:attachment":[{"href":"https:\/\/www.pimentacultural.com\/en\/wp-json\/wp\/v2\/media?parent=126476"}],"wp:term":[{"taxonomy":"product_brand","embeddable":true,"href":"https:\/\/www.pimentacultural.com\/en\/wp-json\/wp\/v2\/product_brand?post=126476"},{"taxonomy":"product_cat","embeddable":true,"href":"https:\/\/www.pimentacultural.com\/en\/wp-json\/wp\/v2\/product_cat?post=126476"},{"taxonomy":"product_tag","embeddable":true,"href":"https:\/\/www.pimentacultural.com\/en\/wp-json\/wp\/v2\/product_tag?post=126476"}],"curies":[{"name":"wp","href":"https:\/\/api.w.org\/{rel}","templated":true}]}}