{"id":125716,"date":"2024-10-25T15:35:24","date_gmt":"2024-10-25T18:35:24","guid":{"rendered":"https:\/\/www.pimentacultural.com\/?post_type=product&#038;p=125716"},"modified":"2024-10-25T15:35:43","modified_gmt":"2024-10-25T18:35:43","slug":"letramento-literario-multiletramentos","status":"publish","type":"product","link":"https:\/\/www.pimentacultural.com\/en\/livro\/letramento-literario-multiletramentos\/","title":{"rendered":"Letramento Liter\u00e1rio, Multiletramentos e Letramentos Acad\u00eamicos nos Anos Iniciais da Educa\u00e7\u00e3o B\u00e1sica: Um Enfoque \u00e0s Pr\u00e1ticas Docentes Reflexivas"},"content":{"rendered":"","protected":false},"excerpt":{"rendered":"","protected":false},"featured_media":125714,"template":"","meta":[],"product_brand":[],"product_cat":[717],"product_tag":[],"class_list":{"0":"post-125716","1":"product","2":"type-product","3":"status-publish","4":"has-post-thumbnail","6":"product_cat-educacao","8":"first","9":"instock","10":"shipping-taxable","11":"product-type-simple"},"_links":{"self":[{"href":"https:\/\/www.pimentacultural.com\/en\/wp-json\/wp\/v2\/product\/125716","targetHints":{"allow":["GET"]}}],"collection":[{"href":"https:\/\/www.pimentacultural.com\/en\/wp-json\/wp\/v2\/product"}],"about":[{"href":"https:\/\/www.pimentacultural.com\/en\/wp-json\/wp\/v2\/types\/product"}],"version-history":[{"count":0,"href":"https:\/\/www.pimentacultural.com\/en\/wp-json\/wp\/v2\/product\/125716\/revisions"}],"wp:featuredmedia":[{"embeddable":true,"href":"https:\/\/www.pimentacultural.com\/en\/wp-json\/wp\/v2\/media\/125714"}],"wp:attachment":[{"href":"https:\/\/www.pimentacultural.com\/en\/wp-json\/wp\/v2\/media?parent=125716"}],"wp:term":[{"taxonomy":"product_brand","embeddable":true,"href":"https:\/\/www.pimentacultural.com\/en\/wp-json\/wp\/v2\/product_brand?post=125716"},{"taxonomy":"product_cat","embeddable":true,"href":"https:\/\/www.pimentacultural.com\/en\/wp-json\/wp\/v2\/product_cat?post=125716"},{"taxonomy":"product_tag","embeddable":true,"href":"https:\/\/www.pimentacultural.com\/en\/wp-json\/wp\/v2\/product_tag?post=125716"}],"curies":[{"name":"wp","href":"https:\/\/api.w.org\/{rel}","templated":true}]}}