{"id":125632,"date":"2025-01-08T14:34:05","date_gmt":"2025-01-08T17:34:05","guid":{"rendered":"https:\/\/www.pimentacultural.com\/?post_type=product&#038;p=125632"},"modified":"2025-01-08T14:34:27","modified_gmt":"2025-01-08T17:34:27","slug":"experiencias-artes","status":"publish","type":"product","link":"https:\/\/www.pimentacultural.com\/en\/livro\/experiencias-artes\/","title":{"rendered":"Experi\u00eancias de Artes, M\u00fasica e Educa\u00e7\u00e3o em Cuiab\u00e1\/MT"},"content":{"rendered":"","protected":false},"excerpt":{"rendered":"","protected":false},"featured_media":125606,"template":"","meta":[],"product_brand":[],"product_cat":[729],"product_tag":[],"class_list":{"0":"post-125632","1":"product","2":"type-product","3":"status-publish","4":"has-post-thumbnail","6":"product_cat-artes","8":"first","9":"instock","10":"shipping-taxable","11":"product-type-simple"},"_links":{"self":[{"href":"https:\/\/www.pimentacultural.com\/en\/wp-json\/wp\/v2\/product\/125632","targetHints":{"allow":["GET"]}}],"collection":[{"href":"https:\/\/www.pimentacultural.com\/en\/wp-json\/wp\/v2\/product"}],"about":[{"href":"https:\/\/www.pimentacultural.com\/en\/wp-json\/wp\/v2\/types\/product"}],"version-history":[{"count":0,"href":"https:\/\/www.pimentacultural.com\/en\/wp-json\/wp\/v2\/product\/125632\/revisions"}],"wp:featuredmedia":[{"embeddable":true,"href":"https:\/\/www.pimentacultural.com\/en\/wp-json\/wp\/v2\/media\/125606"}],"wp:attachment":[{"href":"https:\/\/www.pimentacultural.com\/en\/wp-json\/wp\/v2\/media?parent=125632"}],"wp:term":[{"taxonomy":"product_brand","embeddable":true,"href":"https:\/\/www.pimentacultural.com\/en\/wp-json\/wp\/v2\/product_brand?post=125632"},{"taxonomy":"product_cat","embeddable":true,"href":"https:\/\/www.pimentacultural.com\/en\/wp-json\/wp\/v2\/product_cat?post=125632"},{"taxonomy":"product_tag","embeddable":true,"href":"https:\/\/www.pimentacultural.com\/en\/wp-json\/wp\/v2\/product_tag?post=125632"}],"curies":[{"name":"wp","href":"https:\/\/api.w.org\/{rel}","templated":true}]}}