{"id":125414,"date":"2025-01-08T14:34:04","date_gmt":"2025-01-08T17:34:04","guid":{"rendered":"https:\/\/www.pimentacultural.com\/?post_type=product&#038;p=125414"},"modified":"2025-01-08T14:34:27","modified_gmt":"2025-01-08T17:34:27","slug":"vitalizacoes-linguas","status":"publish","type":"product","link":"https:\/\/www.pimentacultural.com\/en\/livro\/vitalizacoes-linguas\/","title":{"rendered":"Vitaliza\u00e7\u00f5es das l\u00ednguas e cria\u00e7\u00f5es ind\u00edgenas"},"content":{"rendered":"","protected":false},"excerpt":{"rendered":"","protected":false},"featured_media":125291,"template":"","meta":[],"product_brand":[],"product_cat":[726],"product_tag":[],"class_list":{"0":"post-125414","1":"product","2":"type-product","3":"status-publish","4":"has-post-thumbnail","6":"product_cat-letras","8":"first","9":"instock","10":"shipping-taxable","11":"product-type-simple"},"_links":{"self":[{"href":"https:\/\/www.pimentacultural.com\/en\/wp-json\/wp\/v2\/product\/125414","targetHints":{"allow":["GET"]}}],"collection":[{"href":"https:\/\/www.pimentacultural.com\/en\/wp-json\/wp\/v2\/product"}],"about":[{"href":"https:\/\/www.pimentacultural.com\/en\/wp-json\/wp\/v2\/types\/product"}],"version-history":[{"count":0,"href":"https:\/\/www.pimentacultural.com\/en\/wp-json\/wp\/v2\/product\/125414\/revisions"}],"wp:featuredmedia":[{"embeddable":true,"href":"https:\/\/www.pimentacultural.com\/en\/wp-json\/wp\/v2\/media\/125291"}],"wp:attachment":[{"href":"https:\/\/www.pimentacultural.com\/en\/wp-json\/wp\/v2\/media?parent=125414"}],"wp:term":[{"taxonomy":"product_brand","embeddable":true,"href":"https:\/\/www.pimentacultural.com\/en\/wp-json\/wp\/v2\/product_brand?post=125414"},{"taxonomy":"product_cat","embeddable":true,"href":"https:\/\/www.pimentacultural.com\/en\/wp-json\/wp\/v2\/product_cat?post=125414"},{"taxonomy":"product_tag","embeddable":true,"href":"https:\/\/www.pimentacultural.com\/en\/wp-json\/wp\/v2\/product_tag?post=125414"}],"curies":[{"name":"wp","href":"https:\/\/api.w.org\/{rel}","templated":true}]}}