{"id":125407,"date":"2025-01-16T09:38:06","date_gmt":"2025-01-16T12:38:06","guid":{"rendered":"https:\/\/www.pimentacultural.com\/?post_type=product&#038;p=125407"},"modified":"2025-01-16T09:38:08","modified_gmt":"2025-01-16T12:38:08","slug":"robert-bresson","status":"publish","type":"product","link":"https:\/\/www.pimentacultural.com\/en\/livro\/robert-bresson\/","title":{"rendered":"Robert Bresson e o cinemat\u00f3grafo das sensa\u00e7\u00f5es"},"content":{"rendered":"","protected":false},"excerpt":{"rendered":"","protected":false},"featured_media":125275,"template":"","meta":[],"product_brand":[],"product_cat":[737],"product_tag":[],"class_list":{"0":"post-125407","1":"product","2":"type-product","3":"status-publish","4":"has-post-thumbnail","6":"product_cat-filosofia","8":"first","9":"instock","10":"shipping-taxable","11":"product-type-simple"},"_links":{"self":[{"href":"https:\/\/www.pimentacultural.com\/en\/wp-json\/wp\/v2\/product\/125407","targetHints":{"allow":["GET"]}}],"collection":[{"href":"https:\/\/www.pimentacultural.com\/en\/wp-json\/wp\/v2\/product"}],"about":[{"href":"https:\/\/www.pimentacultural.com\/en\/wp-json\/wp\/v2\/types\/product"}],"version-history":[{"count":0,"href":"https:\/\/www.pimentacultural.com\/en\/wp-json\/wp\/v2\/product\/125407\/revisions"}],"wp:featuredmedia":[{"embeddable":true,"href":"https:\/\/www.pimentacultural.com\/en\/wp-json\/wp\/v2\/media\/125275"}],"wp:attachment":[{"href":"https:\/\/www.pimentacultural.com\/en\/wp-json\/wp\/v2\/media?parent=125407"}],"wp:term":[{"taxonomy":"product_brand","embeddable":true,"href":"https:\/\/www.pimentacultural.com\/en\/wp-json\/wp\/v2\/product_brand?post=125407"},{"taxonomy":"product_cat","embeddable":true,"href":"https:\/\/www.pimentacultural.com\/en\/wp-json\/wp\/v2\/product_cat?post=125407"},{"taxonomy":"product_tag","embeddable":true,"href":"https:\/\/www.pimentacultural.com\/en\/wp-json\/wp\/v2\/product_tag?post=125407"}],"curies":[{"name":"wp","href":"https:\/\/api.w.org\/{rel}","templated":true}]}}