{"id":125260,"date":"2025-01-08T14:34:04","date_gmt":"2025-01-08T17:34:04","guid":{"rendered":"https:\/\/www.pimentacultural.com\/?post_type=product&#038;p=125260"},"modified":"2025-01-08T14:34:27","modified_gmt":"2025-01-08T17:34:27","slug":"comunicacao-interseccionalidade","status":"publish","type":"product","link":"https:\/\/www.pimentacultural.com\/en\/livro\/comunicacao-interseccionalidade\/","title":{"rendered":"Comunica\u00e7\u00e3o, Interseccionalidade e Decolonialidade: Escreviv\u00eancias da Marcha Virtual das Mulheres Negras Amaz\u00f4nidas"},"content":{"rendered":"","protected":false},"excerpt":{"rendered":"","protected":false},"featured_media":125253,"template":"","meta":[],"product_brand":[],"product_cat":[715],"product_tag":[],"class_list":{"0":"post-125260","1":"product","2":"type-product","3":"status-publish","4":"has-post-thumbnail","6":"product_cat-comunicacao","8":"first","9":"instock","10":"shipping-taxable","11":"product-type-simple"},"_links":{"self":[{"href":"https:\/\/www.pimentacultural.com\/en\/wp-json\/wp\/v2\/product\/125260","targetHints":{"allow":["GET"]}}],"collection":[{"href":"https:\/\/www.pimentacultural.com\/en\/wp-json\/wp\/v2\/product"}],"about":[{"href":"https:\/\/www.pimentacultural.com\/en\/wp-json\/wp\/v2\/types\/product"}],"version-history":[{"count":0,"href":"https:\/\/www.pimentacultural.com\/en\/wp-json\/wp\/v2\/product\/125260\/revisions"}],"wp:featuredmedia":[{"embeddable":true,"href":"https:\/\/www.pimentacultural.com\/en\/wp-json\/wp\/v2\/media\/125253"}],"wp:attachment":[{"href":"https:\/\/www.pimentacultural.com\/en\/wp-json\/wp\/v2\/media?parent=125260"}],"wp:term":[{"taxonomy":"product_brand","embeddable":true,"href":"https:\/\/www.pimentacultural.com\/en\/wp-json\/wp\/v2\/product_brand?post=125260"},{"taxonomy":"product_cat","embeddable":true,"href":"https:\/\/www.pimentacultural.com\/en\/wp-json\/wp\/v2\/product_cat?post=125260"},{"taxonomy":"product_tag","embeddable":true,"href":"https:\/\/www.pimentacultural.com\/en\/wp-json\/wp\/v2\/product_tag?post=125260"}],"curies":[{"name":"wp","href":"https:\/\/api.w.org\/{rel}","templated":true}]}}