{"id":125210,"date":"2024-10-25T15:35:27","date_gmt":"2024-10-25T18:35:27","guid":{"rendered":"https:\/\/www.pimentacultural.com\/?post_type=product&#038;p=125210"},"modified":"2024-10-25T15:35:44","modified_gmt":"2024-10-25T18:35:44","slug":"anais-v-sercomp","status":"publish","type":"product","link":"https:\/\/www.pimentacultural.com\/en\/livro\/anais-v-sercomp\/","title":{"rendered":"Anais do V Congresso Sertanejo de Computa\u00e7\u00e3o Explorando Fronteiras: Tend\u00eancias, Desafios e Inova\u00e7\u00f5es na Integra\u00e7\u00e3o da Intelig\u00eancia Artificial e Tecnologias Educacionais"},"content":{"rendered":"","protected":false},"excerpt":{"rendered":"","protected":false},"featured_media":125190,"template":"","meta":[],"product_brand":[],"product_cat":[742],"product_tag":[],"class_list":{"0":"post-125210","1":"product","2":"type-product","3":"status-publish","4":"has-post-thumbnail","6":"product_cat-ciencia-da-computacao","8":"first","9":"instock","10":"shipping-taxable","11":"product-type-simple"},"_links":{"self":[{"href":"https:\/\/www.pimentacultural.com\/en\/wp-json\/wp\/v2\/product\/125210","targetHints":{"allow":["GET"]}}],"collection":[{"href":"https:\/\/www.pimentacultural.com\/en\/wp-json\/wp\/v2\/product"}],"about":[{"href":"https:\/\/www.pimentacultural.com\/en\/wp-json\/wp\/v2\/types\/product"}],"version-history":[{"count":0,"href":"https:\/\/www.pimentacultural.com\/en\/wp-json\/wp\/v2\/product\/125210\/revisions"}],"wp:featuredmedia":[{"embeddable":true,"href":"https:\/\/www.pimentacultural.com\/en\/wp-json\/wp\/v2\/media\/125190"}],"wp:attachment":[{"href":"https:\/\/www.pimentacultural.com\/en\/wp-json\/wp\/v2\/media?parent=125210"}],"wp:term":[{"taxonomy":"product_brand","embeddable":true,"href":"https:\/\/www.pimentacultural.com\/en\/wp-json\/wp\/v2\/product_brand?post=125210"},{"taxonomy":"product_cat","embeddable":true,"href":"https:\/\/www.pimentacultural.com\/en\/wp-json\/wp\/v2\/product_cat?post=125210"},{"taxonomy":"product_tag","embeddable":true,"href":"https:\/\/www.pimentacultural.com\/en\/wp-json\/wp\/v2\/product_tag?post=125210"}],"curies":[{"name":"wp","href":"https:\/\/api.w.org\/{rel}","templated":true}]}}