{"id":125180,"date":"2024-10-25T15:35:26","date_gmt":"2024-10-25T18:35:26","guid":{"rendered":"https:\/\/www.pimentacultural.com\/?post_type=product&#038;p=125180"},"modified":"2024-10-25T15:35:43","modified_gmt":"2024-10-25T18:35:43","slug":"praticas-pesquisa-artistica","status":"publish","type":"product","link":"https:\/\/www.pimentacultural.com\/en\/livro\/praticas-pesquisa-artistica\/","title":{"rendered":"Pr\u00e1ticas em Pesquisa Art\u00edstica: performance, cria\u00e7\u00e3o\ne cultura contempor\u00e2nea"},"content":{"rendered":"","protected":false},"excerpt":{"rendered":"","protected":false},"featured_media":125178,"template":"","meta":[],"product_brand":[],"product_cat":[729],"product_tag":[],"class_list":{"0":"post-125180","1":"product","2":"type-product","3":"status-publish","4":"has-post-thumbnail","6":"product_cat-artes","8":"first","9":"instock","10":"shipping-taxable","11":"product-type-simple"},"_links":{"self":[{"href":"https:\/\/www.pimentacultural.com\/en\/wp-json\/wp\/v2\/product\/125180","targetHints":{"allow":["GET"]}}],"collection":[{"href":"https:\/\/www.pimentacultural.com\/en\/wp-json\/wp\/v2\/product"}],"about":[{"href":"https:\/\/www.pimentacultural.com\/en\/wp-json\/wp\/v2\/types\/product"}],"version-history":[{"count":0,"href":"https:\/\/www.pimentacultural.com\/en\/wp-json\/wp\/v2\/product\/125180\/revisions"}],"wp:featuredmedia":[{"embeddable":true,"href":"https:\/\/www.pimentacultural.com\/en\/wp-json\/wp\/v2\/media\/125178"}],"wp:attachment":[{"href":"https:\/\/www.pimentacultural.com\/en\/wp-json\/wp\/v2\/media?parent=125180"}],"wp:term":[{"taxonomy":"product_brand","embeddable":true,"href":"https:\/\/www.pimentacultural.com\/en\/wp-json\/wp\/v2\/product_brand?post=125180"},{"taxonomy":"product_cat","embeddable":true,"href":"https:\/\/www.pimentacultural.com\/en\/wp-json\/wp\/v2\/product_cat?post=125180"},{"taxonomy":"product_tag","embeddable":true,"href":"https:\/\/www.pimentacultural.com\/en\/wp-json\/wp\/v2\/product_tag?post=125180"}],"curies":[{"name":"wp","href":"https:\/\/api.w.org\/{rel}","templated":true}]}}