{"id":125002,"date":"2024-10-25T15:35:26","date_gmt":"2024-10-25T18:35:26","guid":{"rendered":"https:\/\/www.pimentacultural.com\/?post_type=product&#038;p=125002"},"modified":"2024-10-25T15:35:43","modified_gmt":"2024-10-25T18:35:43","slug":"expressoes-academicas-3","status":"publish","type":"product","link":"https:\/\/www.pimentacultural.com\/en\/livro\/expressoes-academicas-3\/","title":{"rendered":"Express\u00f5es acad\u00eamicas e di\u00e1logos sobre migra\u00e7\u00e3o,\nref\u00fagio e pol\u00edticas sociais: interlocu\u00e7\u00f5es em Direitos Humanos"},"content":{"rendered":"","protected":false},"excerpt":{"rendered":"","protected":false},"featured_media":122504,"template":"","meta":[],"product_brand":[],"product_cat":[860],"product_tag":[],"class_list":{"0":"post-125002","1":"product","2":"type-product","3":"status-publish","4":"has-post-thumbnail","6":"product_cat-servico-social","8":"first","9":"instock","10":"shipping-taxable","11":"product-type-simple"},"_links":{"self":[{"href":"https:\/\/www.pimentacultural.com\/en\/wp-json\/wp\/v2\/product\/125002","targetHints":{"allow":["GET"]}}],"collection":[{"href":"https:\/\/www.pimentacultural.com\/en\/wp-json\/wp\/v2\/product"}],"about":[{"href":"https:\/\/www.pimentacultural.com\/en\/wp-json\/wp\/v2\/types\/product"}],"version-history":[{"count":0,"href":"https:\/\/www.pimentacultural.com\/en\/wp-json\/wp\/v2\/product\/125002\/revisions"}],"wp:featuredmedia":[{"embeddable":true,"href":"https:\/\/www.pimentacultural.com\/en\/wp-json\/wp\/v2\/media\/122504"}],"wp:attachment":[{"href":"https:\/\/www.pimentacultural.com\/en\/wp-json\/wp\/v2\/media?parent=125002"}],"wp:term":[{"taxonomy":"product_brand","embeddable":true,"href":"https:\/\/www.pimentacultural.com\/en\/wp-json\/wp\/v2\/product_brand?post=125002"},{"taxonomy":"product_cat","embeddable":true,"href":"https:\/\/www.pimentacultural.com\/en\/wp-json\/wp\/v2\/product_cat?post=125002"},{"taxonomy":"product_tag","embeddable":true,"href":"https:\/\/www.pimentacultural.com\/en\/wp-json\/wp\/v2\/product_tag?post=125002"}],"curies":[{"name":"wp","href":"https:\/\/api.w.org\/{rel}","templated":true}]}}