{"id":124599,"date":"2024-08-22T01:11:14","date_gmt":"2024-08-22T04:11:14","guid":{"rendered":"https:\/\/www.pimentacultural.com\/?post_type=product&#038;p=124599"},"modified":"2024-08-22T01:11:37","modified_gmt":"2024-08-22T04:11:37","slug":"seminario-estado-instituicoes","status":"publish","type":"product","link":"https:\/\/www.pimentacultural.com\/en\/livro\/seminario-estado-instituicoes\/","title":{"rendered":"II Semin\u00e1rio internacional sobre estado e institui\u00e7\u00f5es. Desafios Contempor\u00e2neos e o Futuro do Multilateralismo: Cen\u00e1rios e Perspectivas no \u00c2mbito da Governan\u00e7a Global"},"content":{"rendered":"","protected":false},"excerpt":{"rendered":"","protected":false},"featured_media":37258,"template":"","meta":[],"product_brand":[],"product_cat":[754],"product_tag":[],"class_list":{"0":"post-124599","1":"product","2":"type-product","3":"status-publish","4":"has-post-thumbnail","6":"product_cat-economia","8":"first","9":"instock","10":"shipping-taxable","11":"product-type-simple"},"_links":{"self":[{"href":"https:\/\/www.pimentacultural.com\/en\/wp-json\/wp\/v2\/product\/124599","targetHints":{"allow":["GET"]}}],"collection":[{"href":"https:\/\/www.pimentacultural.com\/en\/wp-json\/wp\/v2\/product"}],"about":[{"href":"https:\/\/www.pimentacultural.com\/en\/wp-json\/wp\/v2\/types\/product"}],"version-history":[{"count":0,"href":"https:\/\/www.pimentacultural.com\/en\/wp-json\/wp\/v2\/product\/124599\/revisions"}],"wp:featuredmedia":[{"embeddable":true,"href":"https:\/\/www.pimentacultural.com\/en\/wp-json\/wp\/v2\/media\/37258"}],"wp:attachment":[{"href":"https:\/\/www.pimentacultural.com\/en\/wp-json\/wp\/v2\/media?parent=124599"}],"wp:term":[{"taxonomy":"product_brand","embeddable":true,"href":"https:\/\/www.pimentacultural.com\/en\/wp-json\/wp\/v2\/product_brand?post=124599"},{"taxonomy":"product_cat","embeddable":true,"href":"https:\/\/www.pimentacultural.com\/en\/wp-json\/wp\/v2\/product_cat?post=124599"},{"taxonomy":"product_tag","embeddable":true,"href":"https:\/\/www.pimentacultural.com\/en\/wp-json\/wp\/v2\/product_tag?post=124599"}],"curies":[{"name":"wp","href":"https:\/\/api.w.org\/{rel}","templated":true}]}}