{"id":122118,"date":"2024-08-22T01:00:38","date_gmt":"2024-08-22T04:00:38","guid":{"rendered":"https:\/\/www.pimentacultural.com\/livro\/tecnologia-e-novas-midias\/"},"modified":"2024-08-22T01:00:38","modified_gmt":"2024-08-22T04:00:38","slug":"tecnologia-e-novas-midias","status":"publish","type":"product","link":"https:\/\/www.pimentacultural.com\/en\/livro\/tecnologia-e-novas-midias\/","title":{"rendered":"Tecnologia e novas m\u00eddias: \u200bda educa\u00e7\u00e3o \u00e0s pr\u00e1ticas culturais e de consumo"},"content":{"rendered":"","protected":false},"excerpt":{"rendered":"","protected":false},"featured_media":42989,"template":"","meta":[],"product_brand":[],"product_cat":[816],"product_tag":[],"class_list":{"0":"post-122118","1":"product","2":"type-product","3":"status-publish","4":"has-post-thumbnail","6":"product_cat-comunicacao-en","8":"first","9":"instock","10":"shipping-taxable","11":"product-type-simple"},"_links":{"self":[{"href":"https:\/\/www.pimentacultural.com\/en\/wp-json\/wp\/v2\/product\/122118","targetHints":{"allow":["GET"]}}],"collection":[{"href":"https:\/\/www.pimentacultural.com\/en\/wp-json\/wp\/v2\/product"}],"about":[{"href":"https:\/\/www.pimentacultural.com\/en\/wp-json\/wp\/v2\/types\/product"}],"version-history":[{"count":0,"href":"https:\/\/www.pimentacultural.com\/en\/wp-json\/wp\/v2\/product\/122118\/revisions"}],"wp:featuredmedia":[{"embeddable":true,"href":"https:\/\/www.pimentacultural.com\/en\/wp-json\/wp\/v2\/media\/42989"}],"wp:attachment":[{"href":"https:\/\/www.pimentacultural.com\/en\/wp-json\/wp\/v2\/media?parent=122118"}],"wp:term":[{"taxonomy":"product_brand","embeddable":true,"href":"https:\/\/www.pimentacultural.com\/en\/wp-json\/wp\/v2\/product_brand?post=122118"},{"taxonomy":"product_cat","embeddable":true,"href":"https:\/\/www.pimentacultural.com\/en\/wp-json\/wp\/v2\/product_cat?post=122118"},{"taxonomy":"product_tag","embeddable":true,"href":"https:\/\/www.pimentacultural.com\/en\/wp-json\/wp\/v2\/product_tag?post=122118"}],"curies":[{"name":"wp","href":"https:\/\/api.w.org\/{rel}","templated":true}]}}