{"id":122075,"date":"2024-08-22T01:00:57","date_gmt":"2024-08-22T04:00:57","guid":{"rendered":"https:\/\/www.pimentacultural.com\/livro\/narrativas-autobiograficas\/"},"modified":"2024-08-22T01:00:57","modified_gmt":"2024-08-22T04:00:57","slug":"narrativas-autobiograficas","status":"publish","type":"product","link":"https:\/\/www.pimentacultural.com\/en\/livro\/narrativas-autobiograficas\/","title":{"rendered":"Narrativas autobiogr\u00e1ficas de professores: (auto)forma\u00e7\u00e3o e investiga\u00e7\u00e3o em torno do curr\u00edculo, forma\u00e7\u00e3o docente e tecnologias digitais"},"content":{"rendered":"","protected":false},"excerpt":{"rendered":"","protected":false},"featured_media":43034,"template":"","meta":[],"product_brand":[],"product_cat":[817],"product_tag":[],"class_list":{"0":"post-122075","1":"product","2":"type-product","3":"status-publish","4":"has-post-thumbnail","6":"product_cat-educacao-en","8":"first","9":"instock","10":"shipping-taxable","11":"product-type-simple"},"_links":{"self":[{"href":"https:\/\/www.pimentacultural.com\/en\/wp-json\/wp\/v2\/product\/122075","targetHints":{"allow":["GET"]}}],"collection":[{"href":"https:\/\/www.pimentacultural.com\/en\/wp-json\/wp\/v2\/product"}],"about":[{"href":"https:\/\/www.pimentacultural.com\/en\/wp-json\/wp\/v2\/types\/product"}],"version-history":[{"count":0,"href":"https:\/\/www.pimentacultural.com\/en\/wp-json\/wp\/v2\/product\/122075\/revisions"}],"wp:featuredmedia":[{"embeddable":true,"href":"https:\/\/www.pimentacultural.com\/en\/wp-json\/wp\/v2\/media\/43034"}],"wp:attachment":[{"href":"https:\/\/www.pimentacultural.com\/en\/wp-json\/wp\/v2\/media?parent=122075"}],"wp:term":[{"taxonomy":"product_brand","embeddable":true,"href":"https:\/\/www.pimentacultural.com\/en\/wp-json\/wp\/v2\/product_brand?post=122075"},{"taxonomy":"product_cat","embeddable":true,"href":"https:\/\/www.pimentacultural.com\/en\/wp-json\/wp\/v2\/product_cat?post=122075"},{"taxonomy":"product_tag","embeddable":true,"href":"https:\/\/www.pimentacultural.com\/en\/wp-json\/wp\/v2\/product_tag?post=122075"}],"curies":[{"name":"wp","href":"https:\/\/api.w.org\/{rel}","templated":true}]}}