{"id":122074,"date":"2024-08-22T01:01:00","date_gmt":"2024-08-22T04:01:00","guid":{"rendered":"https:\/\/www.pimentacultural.com\/livro\/parodia-carnavalizacao-erotismo\/"},"modified":"2024-08-22T01:01:00","modified_gmt":"2024-08-22T04:01:00","slug":"parodia-carnavalizacao-erotismo","status":"publish","type":"product","link":"https:\/\/www.pimentacultural.com\/en\/livro\/parodia-carnavalizacao-erotismo\/","title":{"rendered":"Par\u00f3dia, carnavaliza\u00e7\u00e3o e erotismo: o feminino (re)valorizado em O Evangelho segundo Jesus Cristo e Caim, de Jos\u00e9 Saramago"},"content":{"rendered":"","protected":false},"excerpt":{"rendered":"","protected":false},"featured_media":43022,"template":"","meta":[],"product_brand":[],"product_cat":[831],"product_tag":[],"class_list":{"0":"post-122074","1":"product","2":"type-product","3":"status-publish","4":"has-post-thumbnail","6":"product_cat-antropologia-en","8":"first","9":"instock","10":"shipping-taxable","11":"product-type-simple"},"_links":{"self":[{"href":"https:\/\/www.pimentacultural.com\/en\/wp-json\/wp\/v2\/product\/122074","targetHints":{"allow":["GET"]}}],"collection":[{"href":"https:\/\/www.pimentacultural.com\/en\/wp-json\/wp\/v2\/product"}],"about":[{"href":"https:\/\/www.pimentacultural.com\/en\/wp-json\/wp\/v2\/types\/product"}],"version-history":[{"count":0,"href":"https:\/\/www.pimentacultural.com\/en\/wp-json\/wp\/v2\/product\/122074\/revisions"}],"wp:featuredmedia":[{"embeddable":true,"href":"https:\/\/www.pimentacultural.com\/en\/wp-json\/wp\/v2\/media\/43022"}],"wp:attachment":[{"href":"https:\/\/www.pimentacultural.com\/en\/wp-json\/wp\/v2\/media?parent=122074"}],"wp:term":[{"taxonomy":"product_brand","embeddable":true,"href":"https:\/\/www.pimentacultural.com\/en\/wp-json\/wp\/v2\/product_brand?post=122074"},{"taxonomy":"product_cat","embeddable":true,"href":"https:\/\/www.pimentacultural.com\/en\/wp-json\/wp\/v2\/product_cat?post=122074"},{"taxonomy":"product_tag","embeddable":true,"href":"https:\/\/www.pimentacultural.com\/en\/wp-json\/wp\/v2\/product_tag?post=122074"}],"curies":[{"name":"wp","href":"https:\/\/api.w.org\/{rel}","templated":true}]}}