{"id":122068,"date":"2024-08-22T01:00:56","date_gmt":"2024-08-22T04:00:56","guid":{"rendered":"https:\/\/www.pimentacultural.com\/livro\/docencias-criancas-e-politicas\/"},"modified":"2024-08-22T01:00:56","modified_gmt":"2024-08-22T04:00:56","slug":"docencias-criancas-e-politicas","status":"publish","type":"product","link":"https:\/\/www.pimentacultural.com\/en\/livro\/docencias-criancas-e-politicas\/","title":{"rendered":"Doc\u00eancias, crian\u00e7as e pol\u00edticas de alfabetiza\u00e7\u00e3o\/letramento: entre capturas e possibilidades nas escolas municipais de Arroio do Tigre\/RS"},"content":{"rendered":"","protected":false},"excerpt":{"rendered":"","protected":false},"featured_media":43042,"template":"","meta":[],"product_brand":[],"product_cat":[817],"product_tag":[],"class_list":{"0":"post-122068","1":"product","2":"type-product","3":"status-publish","4":"has-post-thumbnail","6":"product_cat-educacao-en","8":"first","9":"instock","10":"shipping-taxable","11":"product-type-simple"},"_links":{"self":[{"href":"https:\/\/www.pimentacultural.com\/en\/wp-json\/wp\/v2\/product\/122068","targetHints":{"allow":["GET"]}}],"collection":[{"href":"https:\/\/www.pimentacultural.com\/en\/wp-json\/wp\/v2\/product"}],"about":[{"href":"https:\/\/www.pimentacultural.com\/en\/wp-json\/wp\/v2\/types\/product"}],"version-history":[{"count":0,"href":"https:\/\/www.pimentacultural.com\/en\/wp-json\/wp\/v2\/product\/122068\/revisions"}],"wp:featuredmedia":[{"embeddable":true,"href":"https:\/\/www.pimentacultural.com\/en\/wp-json\/wp\/v2\/media\/43042"}],"wp:attachment":[{"href":"https:\/\/www.pimentacultural.com\/en\/wp-json\/wp\/v2\/media?parent=122068"}],"wp:term":[{"taxonomy":"product_brand","embeddable":true,"href":"https:\/\/www.pimentacultural.com\/en\/wp-json\/wp\/v2\/product_brand?post=122068"},{"taxonomy":"product_cat","embeddable":true,"href":"https:\/\/www.pimentacultural.com\/en\/wp-json\/wp\/v2\/product_cat?post=122068"},{"taxonomy":"product_tag","embeddable":true,"href":"https:\/\/www.pimentacultural.com\/en\/wp-json\/wp\/v2\/product_tag?post=122068"}],"curies":[{"name":"wp","href":"https:\/\/api.w.org\/{rel}","templated":true}]}}