{"id":122059,"date":"2024-08-22T01:00:51","date_gmt":"2024-08-22T04:00:51","guid":{"rendered":"https:\/\/www.pimentacultural.com\/livro\/narrativas-de-autoformacao\/"},"modified":"2024-08-22T01:00:51","modified_gmt":"2024-08-22T04:00:51","slug":"narrativas-de-autoformacao","status":"publish","type":"product","link":"https:\/\/www.pimentacultural.com\/en\/livro\/narrativas-de-autoformacao\/","title":{"rendered":"Narrativas de autoformata\u00e7\u00e3o de professores: experi\u00eancias de reflex\u00e3o e consci\u00eancia de docentes\/acad\u00eamicos sore o uso pedag\u00f3gico de tecnologias digitais na escola"},"content":{"rendered":"","protected":false},"excerpt":{"rendered":"","protected":false},"featured_media":42911,"template":"","meta":[],"product_brand":[],"product_cat":[817],"product_tag":[],"class_list":{"0":"post-122059","1":"product","2":"type-product","3":"status-publish","4":"has-post-thumbnail","6":"product_cat-educacao-en","8":"first","9":"instock","10":"shipping-taxable","11":"product-type-simple"},"_links":{"self":[{"href":"https:\/\/www.pimentacultural.com\/en\/wp-json\/wp\/v2\/product\/122059","targetHints":{"allow":["GET"]}}],"collection":[{"href":"https:\/\/www.pimentacultural.com\/en\/wp-json\/wp\/v2\/product"}],"about":[{"href":"https:\/\/www.pimentacultural.com\/en\/wp-json\/wp\/v2\/types\/product"}],"version-history":[{"count":0,"href":"https:\/\/www.pimentacultural.com\/en\/wp-json\/wp\/v2\/product\/122059\/revisions"}],"wp:featuredmedia":[{"embeddable":true,"href":"https:\/\/www.pimentacultural.com\/en\/wp-json\/wp\/v2\/media\/42911"}],"wp:attachment":[{"href":"https:\/\/www.pimentacultural.com\/en\/wp-json\/wp\/v2\/media?parent=122059"}],"wp:term":[{"taxonomy":"product_brand","embeddable":true,"href":"https:\/\/www.pimentacultural.com\/en\/wp-json\/wp\/v2\/product_brand?post=122059"},{"taxonomy":"product_cat","embeddable":true,"href":"https:\/\/www.pimentacultural.com\/en\/wp-json\/wp\/v2\/product_cat?post=122059"},{"taxonomy":"product_tag","embeddable":true,"href":"https:\/\/www.pimentacultural.com\/en\/wp-json\/wp\/v2\/product_tag?post=122059"}],"curies":[{"name":"wp","href":"https:\/\/api.w.org\/{rel}","templated":true}]}}